{"id":10,"date":"2025-09-29T12:26:00","date_gmt":"2025-09-29T12:26:00","guid":{"rendered":"https:\/\/etre-et-habiter.com\/?page_id=10"},"modified":"2025-09-30T07:27:10","modified_gmt":"2025-09-30T07:27:10","slug":"les-studios-modulaires","status":"publish","type":"page","link":"https:\/\/etre-et-habiter.com\/?page_id=10","title":{"rendered":"LES STUDIOS MODULAIRES"},"content":{"rendered":"\n<p>Besoin d\u2019une pi\u00e8ce suppl\u00e9mentaire \u00e0 votre habitat, une salle d\u2019activit\u00e9, un bureau, un atelier, une v\u00e9randa ?\u00a0Un projet d\u2019investissement locatif dans de l\u2019habitat insolite ?\u00a0LES STUDIOS MODULAIRE sont une r\u00e9ponse simple, rapide et accessible \u00e0 votre projet.<\/p>\n\n\n\n<!--more-->\n\n\n\n<h2 class=\"wp-block-heading\">LE CHOIX DE LA MODULARITE <\/h2>\n\n\n\n<p>Ces structures modulaires s&rsquo;articulent autour d&rsquo;un module de 2 m par 3m, pouvant se combiner en longueur et en largeur. Ce qui vous permet d&rsquo;imaginer par exemple une chambre d&rsquo;amis de 3 m par 6 m en combinant trois modules ensemble. Vous pouvez \u00e9galement envisager un  espace plus grand, par exemple de 6 m par 6 m avec une toiture double pente.<\/p>\n\n\n\n<figure data-wp-context=\"{&quot;imageId&quot;:&quot;69d97777f269e&quot;}\" data-wp-interactive=\"core\/image\" data-wp-key=\"69d97777f269e\" class=\"wp-block-image size-large wp-lightbox-container\"><img loading=\"lazy\" decoding=\"async\" width=\"1024\" height=\"768\" data-wp-class--hide=\"state.isContentHidden\" data-wp-class--show=\"state.isContentVisible\" data-wp-init=\"callbacks.setButtonStyles\" data-wp-on--click=\"actions.showLightbox\" data-wp-on--load=\"callbacks.setButtonStyles\" data-wp-on-window--resize=\"callbacks.setButtonStyles\" src=\"https:\/\/etre-et-habiter.com\/wp-content\/uploads\/2025\/09\/97C31850-FD90-4D0A-A08B-CA35560E27A7-1024x768.jpg\" alt=\"\" class=\"wp-image-91\" srcset=\"https:\/\/etre-et-habiter.com\/wp-content\/uploads\/2025\/09\/97C31850-FD90-4D0A-A08B-CA35560E27A7-1024x768.jpg 1024w, https:\/\/etre-et-habiter.com\/wp-content\/uploads\/2025\/09\/97C31850-FD90-4D0A-A08B-CA35560E27A7-300x225.jpg 300w, https:\/\/etre-et-habiter.com\/wp-content\/uploads\/2025\/09\/97C31850-FD90-4D0A-A08B-CA35560E27A7-768x576.jpg 768w, https:\/\/etre-et-habiter.com\/wp-content\/uploads\/2025\/09\/97C31850-FD90-4D0A-A08B-CA35560E27A7-1536x1152.jpg 1536w, https:\/\/etre-et-habiter.com\/wp-content\/uploads\/2025\/09\/97C31850-FD90-4D0A-A08B-CA35560E27A7-2048x1536.jpg 2048w\" sizes=\"auto, (max-width: 767px) 89vw, (max-width: 1000px) 54vw, (max-width: 1071px) 543px, 580px\" \/><button\n\t\t\tclass=\"lightbox-trigger\"\n\t\t\ttype=\"button\"\n\t\t\taria-haspopup=\"dialog\"\n\t\t\taria-label=\"Agrandir\"\n\t\t\tdata-wp-init=\"callbacks.initTriggerButton\"\n\t\t\tdata-wp-on--click=\"actions.showLightbox\"\n\t\t\tdata-wp-style--right=\"state.imageButtonRight\"\n\t\t\tdata-wp-style--top=\"state.imageButtonTop\"\n\t\t>\n\t\t\t<svg xmlns=\"http:\/\/www.w3.org\/2000\/svg\" width=\"12\" height=\"12\" fill=\"none\" viewBox=\"0 0 12 12\">\n\t\t\t\t<path fill=\"#fff\" d=\"M2 0a2 2 0 0 0-2 2v2h1.5V2a.5.5 0 0 1 .5-.5h2V0H2Zm2 10.5H2a.5.5 0 0 1-.5-.5V8H0v2a2 2 0 0 0 2 2h2v-1.5ZM8 12v-1.5h2a.5.5 0 0 0 .5-.5V8H12v2a2 2 0 0 1-2 2H8Zm2-12a2 2 0 0 1 2 2v2h-1.5V2a.5.5 0 0 0-.5-.5H8V0h2Z\" \/>\n\t\t\t<\/svg>\n\t\t<\/button><\/figure>\n\n\n\n<h2 class=\"wp-block-heading\">RELATION DEDANS \/ DEHORS<\/h2>\n\n\n\n<p>Cette m\u00eame recherche que sur les Perles de Bois, nous m\u00e8ne vers une relation entre dedans et dehors privil\u00e9gi\u00e9e. En plus de permettre un chauffage passif, ces larges baies vitr\u00e9es, influent sous la notion de \u00ab\u00a0sensation d&rsquo;espace\u00a0\u00bb, qui vous donnent \u00e0 habiter bien plus que des m\u00e8tres carr\u00e9s. <\/p>\n\n\n\n<figure data-wp-context=\"{&quot;imageId&quot;:&quot;69d97777f2c03&quot;}\" data-wp-interactive=\"core\/image\" data-wp-key=\"69d97777f2c03\" class=\"wp-block-image size-large wp-lightbox-container\"><img loading=\"lazy\" decoding=\"async\" width=\"1024\" height=\"768\" data-wp-class--hide=\"state.isContentHidden\" data-wp-class--show=\"state.isContentVisible\" data-wp-init=\"callbacks.setButtonStyles\" data-wp-on--click=\"actions.showLightbox\" data-wp-on--load=\"callbacks.setButtonStyles\" data-wp-on-window--resize=\"callbacks.setButtonStyles\" src=\"https:\/\/etre-et-habiter.com\/wp-content\/uploads\/2025\/09\/3182CEDA-8EEB-4968-86DA-99105773087F-1024x768.jpg\" alt=\"\" class=\"wp-image-145\" srcset=\"https:\/\/etre-et-habiter.com\/wp-content\/uploads\/2025\/09\/3182CEDA-8EEB-4968-86DA-99105773087F-1024x768.jpg 1024w, https:\/\/etre-et-habiter.com\/wp-content\/uploads\/2025\/09\/3182CEDA-8EEB-4968-86DA-99105773087F-300x225.jpg 300w, https:\/\/etre-et-habiter.com\/wp-content\/uploads\/2025\/09\/3182CEDA-8EEB-4968-86DA-99105773087F-768x576.jpg 768w, https:\/\/etre-et-habiter.com\/wp-content\/uploads\/2025\/09\/3182CEDA-8EEB-4968-86DA-99105773087F-1536x1152.jpg 1536w, https:\/\/etre-et-habiter.com\/wp-content\/uploads\/2025\/09\/3182CEDA-8EEB-4968-86DA-99105773087F-2048x1536.jpg 2048w\" sizes=\"auto, (max-width: 767px) 89vw, (max-width: 1000px) 54vw, (max-width: 1071px) 543px, 580px\" \/><button\n\t\t\tclass=\"lightbox-trigger\"\n\t\t\ttype=\"button\"\n\t\t\taria-haspopup=\"dialog\"\n\t\t\taria-label=\"Agrandir\"\n\t\t\tdata-wp-init=\"callbacks.initTriggerButton\"\n\t\t\tdata-wp-on--click=\"actions.showLightbox\"\n\t\t\tdata-wp-style--right=\"state.imageButtonRight\"\n\t\t\tdata-wp-style--top=\"state.imageButtonTop\"\n\t\t>\n\t\t\t<svg xmlns=\"http:\/\/www.w3.org\/2000\/svg\" width=\"12\" height=\"12\" fill=\"none\" viewBox=\"0 0 12 12\">\n\t\t\t\t<path fill=\"#fff\" d=\"M2 0a2 2 0 0 0-2 2v2h1.5V2a.5.5 0 0 1 .5-.5h2V0H2Zm2 10.5H2a.5.5 0 0 1-.5-.5V8H0v2a2 2 0 0 0 2 2h2v-1.5ZM8 12v-1.5h2a.5.5 0 0 0 .5-.5V8H12v2a2 2 0 0 1-2 2H8Zm2-12a2 2 0 0 1 2 2v2h-1.5V2a.5.5 0 0 0-.5-.5H8V0h2Z\" \/>\n\t\t\t<\/svg>\n\t\t<\/button><\/figure>\n\n\n\n<h2 class=\"wp-block-heading\">MURS MODULABLES<\/h2>\n\n\n\n<p>Le m\u00eame concept de murs modulable est mis en place sur ses structures. Vous pouvez non seulement choisir librement le nombre de baies vitr\u00e9es (sans surcout !), mais \u00e9galement les intervertir dans le temps. <\/p>\n\n\n\n<figure data-wp-context=\"{&quot;imageId&quot;:&quot;69d97777f30f8&quot;}\" data-wp-interactive=\"core\/image\" data-wp-key=\"69d97777f30f8\" class=\"wp-block-image size-large wp-lightbox-container\"><img loading=\"lazy\" decoding=\"async\" width=\"1024\" height=\"768\" data-wp-class--hide=\"state.isContentHidden\" data-wp-class--show=\"state.isContentVisible\" data-wp-init=\"callbacks.setButtonStyles\" data-wp-on--click=\"actions.showLightbox\" data-wp-on--load=\"callbacks.setButtonStyles\" data-wp-on-window--resize=\"callbacks.setButtonStyles\" src=\"https:\/\/etre-et-habiter.com\/wp-content\/uploads\/2025\/09\/19F8C691-7E1A-417F-AEAC-CBF51E0951C7-1024x768.jpg\" alt=\"\" class=\"wp-image-146\" srcset=\"https:\/\/etre-et-habiter.com\/wp-content\/uploads\/2025\/09\/19F8C691-7E1A-417F-AEAC-CBF51E0951C7-1024x768.jpg 1024w, https:\/\/etre-et-habiter.com\/wp-content\/uploads\/2025\/09\/19F8C691-7E1A-417F-AEAC-CBF51E0951C7-300x225.jpg 300w, https:\/\/etre-et-habiter.com\/wp-content\/uploads\/2025\/09\/19F8C691-7E1A-417F-AEAC-CBF51E0951C7-768x576.jpg 768w, https:\/\/etre-et-habiter.com\/wp-content\/uploads\/2025\/09\/19F8C691-7E1A-417F-AEAC-CBF51E0951C7-1536x1152.jpg 1536w, https:\/\/etre-et-habiter.com\/wp-content\/uploads\/2025\/09\/19F8C691-7E1A-417F-AEAC-CBF51E0951C7-2048x1536.jpg 2048w\" sizes=\"auto, (max-width: 767px) 89vw, (max-width: 1000px) 54vw, (max-width: 1071px) 543px, 580px\" \/><button\n\t\t\tclass=\"lightbox-trigger\"\n\t\t\ttype=\"button\"\n\t\t\taria-haspopup=\"dialog\"\n\t\t\taria-label=\"Agrandir\"\n\t\t\tdata-wp-init=\"callbacks.initTriggerButton\"\n\t\t\tdata-wp-on--click=\"actions.showLightbox\"\n\t\t\tdata-wp-style--right=\"state.imageButtonRight\"\n\t\t\tdata-wp-style--top=\"state.imageButtonTop\"\n\t\t>\n\t\t\t<svg xmlns=\"http:\/\/www.w3.org\/2000\/svg\" width=\"12\" height=\"12\" fill=\"none\" viewBox=\"0 0 12 12\">\n\t\t\t\t<path fill=\"#fff\" d=\"M2 0a2 2 0 0 0-2 2v2h1.5V2a.5.5 0 0 1 .5-.5h2V0H2Zm2 10.5H2a.5.5 0 0 1-.5-.5V8H0v2a2 2 0 0 0 2 2h2v-1.5ZM8 12v-1.5h2a.5.5 0 0 0 .5-.5V8H12v2a2 2 0 0 1-2 2H8Zm2-12a2 2 0 0 1 2 2v2h-1.5V2a.5.5 0 0 0-.5-.5H8V0h2Z\" \/>\n\t\t\t<\/svg>\n\t\t<\/button><\/figure>\n\n\n\n<h2 class=\"wp-block-heading\">LE CHOIX DE LA PERSONNALISATION<\/h2>\n\n\n\n<p>L&rsquo;architecture modulable de ces structures vous permet de cr\u00e9er un projet personnalis\u00e9 et sur-mesure. \u00c0 la diff\u00e9rence des perles de bois, c&rsquo;est vous qui choisissez les dimensions souhait\u00e9es.<\/p>\n\n\n\n<figure data-wp-context=\"{&quot;imageId&quot;:&quot;69d97777f3547&quot;}\" data-wp-interactive=\"core\/image\" data-wp-key=\"69d97777f3547\" class=\"wp-block-image size-large wp-lightbox-container\"><img loading=\"lazy\" decoding=\"async\" width=\"1024\" height=\"768\" data-wp-class--hide=\"state.isContentHidden\" data-wp-class--show=\"state.isContentVisible\" data-wp-init=\"callbacks.setButtonStyles\" data-wp-on--click=\"actions.showLightbox\" data-wp-on--load=\"callbacks.setButtonStyles\" data-wp-on-window--resize=\"callbacks.setButtonStyles\" src=\"https:\/\/etre-et-habiter.com\/wp-content\/uploads\/2025\/09\/IMG_5123-1024x768.jpeg\" alt=\"\" class=\"wp-image-93\" srcset=\"https:\/\/etre-et-habiter.com\/wp-content\/uploads\/2025\/09\/IMG_5123-1024x768.jpeg 1024w, https:\/\/etre-et-habiter.com\/wp-content\/uploads\/2025\/09\/IMG_5123-300x225.jpeg 300w, https:\/\/etre-et-habiter.com\/wp-content\/uploads\/2025\/09\/IMG_5123-768x576.jpeg 768w, https:\/\/etre-et-habiter.com\/wp-content\/uploads\/2025\/09\/IMG_5123-1536x1152.jpeg 1536w, https:\/\/etre-et-habiter.com\/wp-content\/uploads\/2025\/09\/IMG_5123-2048x1536.jpeg 2048w\" sizes=\"auto, (max-width: 767px) 89vw, (max-width: 1000px) 54vw, (max-width: 1071px) 543px, 580px\" \/><button\n\t\t\tclass=\"lightbox-trigger\"\n\t\t\ttype=\"button\"\n\t\t\taria-haspopup=\"dialog\"\n\t\t\taria-label=\"Agrandir\"\n\t\t\tdata-wp-init=\"callbacks.initTriggerButton\"\n\t\t\tdata-wp-on--click=\"actions.showLightbox\"\n\t\t\tdata-wp-style--right=\"state.imageButtonRight\"\n\t\t\tdata-wp-style--top=\"state.imageButtonTop\"\n\t\t>\n\t\t\t<svg xmlns=\"http:\/\/www.w3.org\/2000\/svg\" width=\"12\" height=\"12\" fill=\"none\" viewBox=\"0 0 12 12\">\n\t\t\t\t<path fill=\"#fff\" d=\"M2 0a2 2 0 0 0-2 2v2h1.5V2a.5.5 0 0 1 .5-.5h2V0H2Zm2 10.5H2a.5.5 0 0 1-.5-.5V8H0v2a2 2 0 0 0 2 2h2v-1.5ZM8 12v-1.5h2a.5.5 0 0 0 .5-.5V8H12v2a2 2 0 0 1-2 2H8Zm2-12a2 2 0 0 1 2 2v2h-1.5V2a.5.5 0 0 0-.5-.5H8V0h2Z\" \/>\n\t\t\t<\/svg>\n\t\t<\/button><\/figure>\n\n\n\n<h2 class=\"wp-block-heading\">DEVIS SUR-MESURES<\/h2>\n\n\n\n<p>N&rsquo;h\u00e9sitez pas \u00e0 nous contacter pour \u00e9tablir un devis sur-mesure correspondant \u00e0 votre projet. Vous pouvez choisir en option : des cloisons int\u00e9rieures, terrasse et pergola permettant d&rsquo;agrandir et \u00e0 d&rsquo;am\u00e9nager votre espace de vie. <\/p>\n\n\n\n<figure data-wp-context=\"{&quot;imageId&quot;:&quot;69d97777f3970&quot;}\" data-wp-interactive=\"core\/image\" data-wp-key=\"69d97777f3970\" class=\"wp-block-image size-large wp-lightbox-container\"><img loading=\"lazy\" decoding=\"async\" width=\"1024\" height=\"768\" data-wp-class--hide=\"state.isContentHidden\" data-wp-class--show=\"state.isContentVisible\" data-wp-init=\"callbacks.setButtonStyles\" data-wp-on--click=\"actions.showLightbox\" data-wp-on--load=\"callbacks.setButtonStyles\" data-wp-on-window--resize=\"callbacks.setButtonStyles\" src=\"https:\/\/etre-et-habiter.com\/wp-content\/uploads\/2025\/09\/C3361CF0-DBDF-40D0-ADEF-E13A19044B8E-1024x768.jpg\" alt=\"\" class=\"wp-image-147\" srcset=\"https:\/\/etre-et-habiter.com\/wp-content\/uploads\/2025\/09\/C3361CF0-DBDF-40D0-ADEF-E13A19044B8E-1024x768.jpg 1024w, https:\/\/etre-et-habiter.com\/wp-content\/uploads\/2025\/09\/C3361CF0-DBDF-40D0-ADEF-E13A19044B8E-300x225.jpg 300w, https:\/\/etre-et-habiter.com\/wp-content\/uploads\/2025\/09\/C3361CF0-DBDF-40D0-ADEF-E13A19044B8E-768x576.jpg 768w, https:\/\/etre-et-habiter.com\/wp-content\/uploads\/2025\/09\/C3361CF0-DBDF-40D0-ADEF-E13A19044B8E-1536x1152.jpg 1536w, https:\/\/etre-et-habiter.com\/wp-content\/uploads\/2025\/09\/C3361CF0-DBDF-40D0-ADEF-E13A19044B8E-2048x1536.jpg 2048w\" sizes=\"auto, (max-width: 767px) 89vw, (max-width: 1000px) 54vw, (max-width: 1071px) 543px, 580px\" \/><button\n\t\t\tclass=\"lightbox-trigger\"\n\t\t\ttype=\"button\"\n\t\t\taria-haspopup=\"dialog\"\n\t\t\taria-label=\"Agrandir\"\n\t\t\tdata-wp-init=\"callbacks.initTriggerButton\"\n\t\t\tdata-wp-on--click=\"actions.showLightbox\"\n\t\t\tdata-wp-style--right=\"state.imageButtonRight\"\n\t\t\tdata-wp-style--top=\"state.imageButtonTop\"\n\t\t>\n\t\t\t<svg xmlns=\"http:\/\/www.w3.org\/2000\/svg\" width=\"12\" height=\"12\" fill=\"none\" viewBox=\"0 0 12 12\">\n\t\t\t\t<path fill=\"#fff\" d=\"M2 0a2 2 0 0 0-2 2v2h1.5V2a.5.5 0 0 1 .5-.5h2V0H2Zm2 10.5H2a.5.5 0 0 1-.5-.5V8H0v2a2 2 0 0 0 2 2h2v-1.5ZM8 12v-1.5h2a.5.5 0 0 0 .5-.5V8H12v2a2 2 0 0 1-2 2H8Zm2-12a2 2 0 0 1 2 2v2h-1.5V2a.5.5 0 0 0-.5-.5H8V0h2Z\" \/>\n\t\t\t<\/svg>\n\t\t<\/button><\/figure>\n","protected":false},"excerpt":{"rendered":"<p>Besoin d\u2019une pi\u00e8ce suppl\u00e9mentaire \u00e0 votre habitat, une salle d\u2019activit\u00e9, un bureau, un atelier, une v\u00e9randa ?\u00a0Un projet d\u2019investissement locatif dans de l\u2019habitat insolite ?\u00a0LES STUDIOS MODULAIRE sont une r\u00e9ponse simple, rapide et accessible \u00e0 votre projet.<\/p>\n","protected":false},"author":1,"featured_media":11,"parent":0,"menu_order":0,"comment_status":"closed","ping_status":"closed","template":"","meta":{"footnotes":""},"class_list":["post-10","page","type-page","status-publish","has-post-thumbnail","hentry"],"_links":{"self":[{"href":"https:\/\/etre-et-habiter.com\/index.php?rest_route=\/wp\/v2\/pages\/10","targetHints":{"allow":["GET"]}}],"collection":[{"href":"https:\/\/etre-et-habiter.com\/index.php?rest_route=\/wp\/v2\/pages"}],"about":[{"href":"https:\/\/etre-et-habiter.com\/index.php?rest_route=\/wp\/v2\/types\/page"}],"author":[{"embeddable":true,"href":"https:\/\/etre-et-habiter.com\/index.php?rest_route=\/wp\/v2\/users\/1"}],"replies":[{"embeddable":true,"href":"https:\/\/etre-et-habiter.com\/index.php?rest_route=%2Fwp%2Fv2%2Fcomments&post=10"}],"version-history":[{"count":14,"href":"https:\/\/etre-et-habiter.com\/index.php?rest_route=\/wp\/v2\/pages\/10\/revisions"}],"predecessor-version":[{"id":229,"href":"https:\/\/etre-et-habiter.com\/index.php?rest_route=\/wp\/v2\/pages\/10\/revisions\/229"}],"wp:featuredmedia":[{"embeddable":true,"href":"https:\/\/etre-et-habiter.com\/index.php?rest_route=\/wp\/v2\/media\/11"}],"wp:attachment":[{"href":"https:\/\/etre-et-habiter.com\/index.php?rest_route=%2Fwp%2Fv2%2Fmedia&parent=10"}],"curies":[{"name":"wp","href":"https:\/\/api.w.org\/{rel}","templated":true}]}}