{"id":13,"date":"2025-09-29T12:26:49","date_gmt":"2025-09-29T12:26:49","guid":{"rendered":"https:\/\/etre-et-habiter.com\/?page_id=13"},"modified":"2025-11-11T18:47:53","modified_gmt":"2025-11-11T18:47:53","slug":"les-extensions-modulaires","status":"publish","type":"page","link":"https:\/\/etre-et-habiter.com\/?page_id=13","title":{"rendered":"LES EXTENSIONS MODULAIRES"},"content":{"rendered":"\n<p>Les studios modulaire se d\u00e9clinent en extension modulaire, vous permettant d&rsquo;agrandir votre habitat existant. V\u00e9ritable pi\u00e8ces suppl\u00e9mentaires, v\u00e9randa bioclimatique, ou l&rsquo;agrandissement d&rsquo;un salon existant, les extensions modulaires vous permettre d&rsquo;adosser une pi\u00e8ce contemporaine en transformant l&rsquo;architecture de votre maison. <\/p>\n\n\n\n<!--more-->\n\n\n\n<figure data-wp-context=\"{&quot;imageId&quot;:&quot;69d977635519e&quot;}\" data-wp-interactive=\"core\/image\" data-wp-key=\"69d977635519e\" class=\"wp-block-image size-large wp-lightbox-container\"><img loading=\"lazy\" decoding=\"async\" width=\"1024\" height=\"768\" data-wp-class--hide=\"state.isContentHidden\" data-wp-class--show=\"state.isContentVisible\" data-wp-init=\"callbacks.setButtonStyles\" data-wp-on--click=\"actions.showLightbox\" data-wp-on--load=\"callbacks.setButtonStyles\" data-wp-on-window--resize=\"callbacks.setButtonStyles\" src=\"https:\/\/etre-et-habiter.com\/wp-content\/uploads\/2025\/09\/IMG_5017-1024x768.jpeg\" alt=\"\" class=\"wp-image-96\" srcset=\"https:\/\/etre-et-habiter.com\/wp-content\/uploads\/2025\/09\/IMG_5017-1024x768.jpeg 1024w, https:\/\/etre-et-habiter.com\/wp-content\/uploads\/2025\/09\/IMG_5017-300x225.jpeg 300w, https:\/\/etre-et-habiter.com\/wp-content\/uploads\/2025\/09\/IMG_5017-768x576.jpeg 768w, https:\/\/etre-et-habiter.com\/wp-content\/uploads\/2025\/09\/IMG_5017-1536x1152.jpeg 1536w, https:\/\/etre-et-habiter.com\/wp-content\/uploads\/2025\/09\/IMG_5017-2048x1536.jpeg 2048w\" sizes=\"auto, (max-width: 767px) 89vw, (max-width: 1000px) 54vw, (max-width: 1071px) 543px, 580px\" \/><button\n\t\t\tclass=\"lightbox-trigger\"\n\t\t\ttype=\"button\"\n\t\t\taria-haspopup=\"dialog\"\n\t\t\taria-label=\"Agrandir\"\n\t\t\tdata-wp-init=\"callbacks.initTriggerButton\"\n\t\t\tdata-wp-on--click=\"actions.showLightbox\"\n\t\t\tdata-wp-style--right=\"state.imageButtonRight\"\n\t\t\tdata-wp-style--top=\"state.imageButtonTop\"\n\t\t>\n\t\t\t<svg xmlns=\"http:\/\/www.w3.org\/2000\/svg\" width=\"12\" height=\"12\" fill=\"none\" viewBox=\"0 0 12 12\">\n\t\t\t\t<path fill=\"#fff\" d=\"M2 0a2 2 0 0 0-2 2v2h1.5V2a.5.5 0 0 1 .5-.5h2V0H2Zm2 10.5H2a.5.5 0 0 1-.5-.5V8H0v2a2 2 0 0 0 2 2h2v-1.5ZM8 12v-1.5h2a.5.5 0 0 0 .5-.5V8H12v2a2 2 0 0 1-2 2H8Zm2-12a2 2 0 0 1 2 2v2h-1.5V2a.5.5 0 0 0-.5-.5H8V0h2Z\" \/>\n\t\t\t<\/svg>\n\t\t<\/button><\/figure>\n\n\n\n<h2 class=\"wp-block-heading\">LE CHOIX DE LA PERSONNALISATION<\/h2>\n\n\n\n<p>Les extensions modulaires vous permet de cr\u00e9er un projet personnalis\u00e9 et sur-mesure. Comme avec les studios modulaires, c&rsquo;est vous qui choisissez les dimensions souhait\u00e9es. Le module de base mesure 2 m de large par 3 m \u00e0 4 m de long et peut se combiner \u00e0 l&rsquo;infini en largeur.<\/p>\n\n\n\n<figure data-wp-context=\"{&quot;imageId&quot;:&quot;69d977635566d&quot;}\" data-wp-interactive=\"core\/image\" data-wp-key=\"69d977635566d\" class=\"wp-block-image size-large wp-lightbox-container\"><img loading=\"lazy\" decoding=\"async\" width=\"1024\" height=\"768\" data-wp-class--hide=\"state.isContentHidden\" data-wp-class--show=\"state.isContentVisible\" data-wp-init=\"callbacks.setButtonStyles\" data-wp-on--click=\"actions.showLightbox\" data-wp-on--load=\"callbacks.setButtonStyles\" data-wp-on-window--resize=\"callbacks.setButtonStyles\" src=\"https:\/\/etre-et-habiter.com\/wp-content\/uploads\/2025\/11\/IMG_5670-1024x768.jpg\" alt=\"\" class=\"wp-image-304\" srcset=\"https:\/\/etre-et-habiter.com\/wp-content\/uploads\/2025\/11\/IMG_5670-1024x768.jpg 1024w, https:\/\/etre-et-habiter.com\/wp-content\/uploads\/2025\/11\/IMG_5670-300x225.jpg 300w, https:\/\/etre-et-habiter.com\/wp-content\/uploads\/2025\/11\/IMG_5670-768x576.jpg 768w, https:\/\/etre-et-habiter.com\/wp-content\/uploads\/2025\/11\/IMG_5670-1536x1152.jpg 1536w, https:\/\/etre-et-habiter.com\/wp-content\/uploads\/2025\/11\/IMG_5670-2048x1536.jpg 2048w\" sizes=\"auto, (max-width: 767px) 89vw, (max-width: 1000px) 54vw, (max-width: 1071px) 543px, 580px\" \/><button\n\t\t\tclass=\"lightbox-trigger\"\n\t\t\ttype=\"button\"\n\t\t\taria-haspopup=\"dialog\"\n\t\t\taria-label=\"Agrandir\"\n\t\t\tdata-wp-init=\"callbacks.initTriggerButton\"\n\t\t\tdata-wp-on--click=\"actions.showLightbox\"\n\t\t\tdata-wp-style--right=\"state.imageButtonRight\"\n\t\t\tdata-wp-style--top=\"state.imageButtonTop\"\n\t\t>\n\t\t\t<svg xmlns=\"http:\/\/www.w3.org\/2000\/svg\" width=\"12\" height=\"12\" fill=\"none\" viewBox=\"0 0 12 12\">\n\t\t\t\t<path fill=\"#fff\" d=\"M2 0a2 2 0 0 0-2 2v2h1.5V2a.5.5 0 0 1 .5-.5h2V0H2Zm2 10.5H2a.5.5 0 0 1-.5-.5V8H0v2a2 2 0 0 0 2 2h2v-1.5ZM8 12v-1.5h2a.5.5 0 0 0 .5-.5V8H12v2a2 2 0 0 1-2 2H8Zm2-12a2 2 0 0 1 2 2v2h-1.5V2a.5.5 0 0 0-.5-.5H8V0h2Z\" \/>\n\t\t\t<\/svg>\n\t\t<\/button><\/figure>\n\n\n\n<h2 class=\"wp-block-heading\">DEVIS SUR-MESURE<\/h2>\n\n\n\n<p>N&rsquo;h\u00e9sitez pas \u00e0 nous contacter pour \u00e9tablir un devis sur-mesure correspondant \u00e0 votre projet. Vous pouvez choisir en option : des cloisons int\u00e9rieures, terrasse et pergola permettant d&rsquo;agrandir et \u00e0 d&rsquo;am\u00e9nager votre espace de vie.<\/p>\n\n\n\n<figure class=\"wp-block-image size-large\"><img loading=\"lazy\" decoding=\"async\" width=\"1024\" height=\"768\" src=\"https:\/\/etre-et-habiter.com\/wp-content\/uploads\/2025\/11\/IMG_5669-1024x768.jpg\" alt=\"\" class=\"wp-image-306\" srcset=\"https:\/\/etre-et-habiter.com\/wp-content\/uploads\/2025\/11\/IMG_5669-1024x768.jpg 1024w, https:\/\/etre-et-habiter.com\/wp-content\/uploads\/2025\/11\/IMG_5669-300x225.jpg 300w, https:\/\/etre-et-habiter.com\/wp-content\/uploads\/2025\/11\/IMG_5669-768x576.jpg 768w, https:\/\/etre-et-habiter.com\/wp-content\/uploads\/2025\/11\/IMG_5669-1536x1152.jpg 1536w, https:\/\/etre-et-habiter.com\/wp-content\/uploads\/2025\/11\/IMG_5669-2048x1536.jpg 2048w\" sizes=\"auto, (max-width: 767px) 89vw, (max-width: 1000px) 54vw, (max-width: 1071px) 543px, 580px\" \/><\/figure>\n\n\n\n<figure data-wp-context=\"{&quot;imageId&quot;:&quot;69d9776355dd5&quot;}\" data-wp-interactive=\"core\/image\" data-wp-key=\"69d9776355dd5\" class=\"wp-block-image size-large wp-lightbox-container\"><img loading=\"lazy\" decoding=\"async\" width=\"1024\" height=\"768\" data-wp-class--hide=\"state.isContentHidden\" data-wp-class--show=\"state.isContentVisible\" data-wp-init=\"callbacks.setButtonStyles\" data-wp-on--click=\"actions.showLightbox\" data-wp-on--load=\"callbacks.setButtonStyles\" data-wp-on-window--resize=\"callbacks.setButtonStyles\" src=\"https:\/\/etre-et-habiter.com\/wp-content\/uploads\/2025\/09\/IMG_5191-1024x768.jpeg\" alt=\"\" class=\"wp-image-99\" srcset=\"https:\/\/etre-et-habiter.com\/wp-content\/uploads\/2025\/09\/IMG_5191-1024x768.jpeg 1024w, https:\/\/etre-et-habiter.com\/wp-content\/uploads\/2025\/09\/IMG_5191-300x225.jpeg 300w, https:\/\/etre-et-habiter.com\/wp-content\/uploads\/2025\/09\/IMG_5191-768x576.jpeg 768w, https:\/\/etre-et-habiter.com\/wp-content\/uploads\/2025\/09\/IMG_5191-1536x1152.jpeg 1536w, https:\/\/etre-et-habiter.com\/wp-content\/uploads\/2025\/09\/IMG_5191-2048x1536.jpeg 2048w\" sizes=\"auto, (max-width: 767px) 89vw, (max-width: 1000px) 54vw, (max-width: 1071px) 543px, 580px\" \/><button\n\t\t\tclass=\"lightbox-trigger\"\n\t\t\ttype=\"button\"\n\t\t\taria-haspopup=\"dialog\"\n\t\t\taria-label=\"Agrandir\"\n\t\t\tdata-wp-init=\"callbacks.initTriggerButton\"\n\t\t\tdata-wp-on--click=\"actions.showLightbox\"\n\t\t\tdata-wp-style--right=\"state.imageButtonRight\"\n\t\t\tdata-wp-style--top=\"state.imageButtonTop\"\n\t\t>\n\t\t\t<svg xmlns=\"http:\/\/www.w3.org\/2000\/svg\" width=\"12\" height=\"12\" fill=\"none\" viewBox=\"0 0 12 12\">\n\t\t\t\t<path fill=\"#fff\" d=\"M2 0a2 2 0 0 0-2 2v2h1.5V2a.5.5 0 0 1 .5-.5h2V0H2Zm2 10.5H2a.5.5 0 0 1-.5-.5V8H0v2a2 2 0 0 0 2 2h2v-1.5ZM8 12v-1.5h2a.5.5 0 0 0 .5-.5V8H12v2a2 2 0 0 1-2 2H8Zm2-12a2 2 0 0 1 2 2v2h-1.5V2a.5.5 0 0 0-.5-.5H8V0h2Z\" \/>\n\t\t\t<\/svg>\n\t\t<\/button><\/figure>\n","protected":false},"excerpt":{"rendered":"<p>Les studios modulaire se d\u00e9clinent en extension modulaire, vous permettant d&rsquo;agrandir votre habitat existant. V\u00e9ritable pi\u00e8ces suppl\u00e9mentaires, v\u00e9randa bioclimatique, ou l&rsquo;agrandissement d&rsquo;un salon existant, les extensions modulaires vous permettre d&rsquo;adosser une pi\u00e8ce contemporaine en transformant l&rsquo;architecture de votre maison.<\/p>\n","protected":false},"author":1,"featured_media":303,"parent":0,"menu_order":0,"comment_status":"closed","ping_status":"closed","template":"","meta":{"footnotes":""},"class_list":["post-13","page","type-page","status-publish","has-post-thumbnail","hentry"],"_links":{"self":[{"href":"https:\/\/etre-et-habiter.com\/index.php?rest_route=\/wp\/v2\/pages\/13","targetHints":{"allow":["GET"]}}],"collection":[{"href":"https:\/\/etre-et-habiter.com\/index.php?rest_route=\/wp\/v2\/pages"}],"about":[{"href":"https:\/\/etre-et-habiter.com\/index.php?rest_route=\/wp\/v2\/types\/page"}],"author":[{"embeddable":true,"href":"https:\/\/etre-et-habiter.com\/index.php?rest_route=\/wp\/v2\/users\/1"}],"replies":[{"embeddable":true,"href":"https:\/\/etre-et-habiter.com\/index.php?rest_route=%2Fwp%2Fv2%2Fcomments&post=13"}],"version-history":[{"count":13,"href":"https:\/\/etre-et-habiter.com\/index.php?rest_route=\/wp\/v2\/pages\/13\/revisions"}],"predecessor-version":[{"id":307,"href":"https:\/\/etre-et-habiter.com\/index.php?rest_route=\/wp\/v2\/pages\/13\/revisions\/307"}],"wp:featuredmedia":[{"embeddable":true,"href":"https:\/\/etre-et-habiter.com\/index.php?rest_route=\/wp\/v2\/media\/303"}],"wp:attachment":[{"href":"https:\/\/etre-et-habiter.com\/index.php?rest_route=%2Fwp%2Fv2%2Fmedia&parent=13"}],"curies":[{"name":"wp","href":"https:\/\/api.w.org\/{rel}","templated":true}]}}