{"id":16,"date":"2025-09-29T12:27:33","date_gmt":"2025-09-29T12:27:33","guid":{"rendered":"https:\/\/etre-et-habiter.com\/?page_id=16"},"modified":"2025-11-11T18:55:44","modified_gmt":"2025-11-11T18:55:44","slug":"les-terrasses-modulaires","status":"publish","type":"page","link":"https:\/\/etre-et-habiter.com\/?page_id=16","title":{"rendered":"LES TERRASSES MODULAIRES"},"content":{"rendered":"\n<p>Con\u00e7u sur les cadres structurels en acier, les terrasses modulaires nous garantissent une dur\u00e9e de vie exceptionnelle. Contrairement aux terrasses classiques, seules les lames bois endommag\u00e9es seront \u00e0 changer dans le temps. La structure restera intacte dans le temps.<\/p>\n\n\n\n<!--more-->\n\n\n\n<figure data-wp-context=\"{&quot;imageId&quot;:&quot;69d97a7e2942c&quot;}\" data-wp-interactive=\"core\/image\" data-wp-key=\"69d97a7e2942c\" class=\"wp-block-image size-large wp-lightbox-container\"><img loading=\"lazy\" decoding=\"async\" width=\"1024\" height=\"768\" data-wp-class--hide=\"state.isContentHidden\" data-wp-class--show=\"state.isContentVisible\" data-wp-init=\"callbacks.setButtonStyles\" data-wp-on--click=\"actions.showLightbox\" data-wp-on--load=\"callbacks.setButtonStyles\" data-wp-on-window--resize=\"callbacks.setButtonStyles\" src=\"https:\/\/etre-et-habiter.com\/wp-content\/uploads\/2025\/09\/8E74BA5E-6896-4F36-9689-0EDA07836A2F-1024x768.jpg\" alt=\"\" class=\"wp-image-110\" srcset=\"https:\/\/etre-et-habiter.com\/wp-content\/uploads\/2025\/09\/8E74BA5E-6896-4F36-9689-0EDA07836A2F-1024x768.jpg 1024w, https:\/\/etre-et-habiter.com\/wp-content\/uploads\/2025\/09\/8E74BA5E-6896-4F36-9689-0EDA07836A2F-300x225.jpg 300w, https:\/\/etre-et-habiter.com\/wp-content\/uploads\/2025\/09\/8E74BA5E-6896-4F36-9689-0EDA07836A2F-768x576.jpg 768w, https:\/\/etre-et-habiter.com\/wp-content\/uploads\/2025\/09\/8E74BA5E-6896-4F36-9689-0EDA07836A2F-1536x1152.jpg 1536w, https:\/\/etre-et-habiter.com\/wp-content\/uploads\/2025\/09\/8E74BA5E-6896-4F36-9689-0EDA07836A2F-2048x1536.jpg 2048w\" sizes=\"auto, (max-width: 767px) 89vw, (max-width: 1000px) 54vw, (max-width: 1071px) 543px, 580px\" \/><button\n\t\t\tclass=\"lightbox-trigger\"\n\t\t\ttype=\"button\"\n\t\t\taria-haspopup=\"dialog\"\n\t\t\taria-label=\"Agrandir\"\n\t\t\tdata-wp-init=\"callbacks.initTriggerButton\"\n\t\t\tdata-wp-on--click=\"actions.showLightbox\"\n\t\t\tdata-wp-style--right=\"state.imageButtonRight\"\n\t\t\tdata-wp-style--top=\"state.imageButtonTop\"\n\t\t>\n\t\t\t<svg xmlns=\"http:\/\/www.w3.org\/2000\/svg\" width=\"12\" height=\"12\" fill=\"none\" viewBox=\"0 0 12 12\">\n\t\t\t\t<path fill=\"#fff\" d=\"M2 0a2 2 0 0 0-2 2v2h1.5V2a.5.5 0 0 1 .5-.5h2V0H2Zm2 10.5H2a.5.5 0 0 1-.5-.5V8H0v2a2 2 0 0 0 2 2h2v-1.5ZM8 12v-1.5h2a.5.5 0 0 0 .5-.5V8H12v2a2 2 0 0 1-2 2H8Zm2-12a2 2 0 0 1 2 2v2h-1.5V2a.5.5 0 0 0-.5-.5H8V0h2Z\" \/>\n\t\t\t<\/svg>\n\t\t<\/button><\/figure>\n\n\n\n<h2 class=\"wp-block-heading\">DEVIS SUR-MESURE<\/h2>\n\n\n\n<p>N&rsquo;h\u00e9sitez pas \u00e0 nous contacter pour \u00e9tablir un devis sur-mesure correspondant \u00e0 votre projet. <\/p>\n\n\n\n<figure data-wp-context=\"{&quot;imageId&quot;:&quot;69d97a7e298c2&quot;}\" data-wp-interactive=\"core\/image\" data-wp-key=\"69d97a7e298c2\" class=\"wp-block-image size-large wp-lightbox-container\"><img loading=\"lazy\" decoding=\"async\" width=\"1024\" height=\"768\" data-wp-class--hide=\"state.isContentHidden\" data-wp-class--show=\"state.isContentVisible\" data-wp-init=\"callbacks.setButtonStyles\" data-wp-on--click=\"actions.showLightbox\" data-wp-on--load=\"callbacks.setButtonStyles\" data-wp-on-window--resize=\"callbacks.setButtonStyles\" src=\"https:\/\/etre-et-habiter.com\/wp-content\/uploads\/2025\/09\/72D2BD20-A07A-4783-BC21-3FB282CC2552-1024x768.jpg\" alt=\"\" class=\"wp-image-111\" srcset=\"https:\/\/etre-et-habiter.com\/wp-content\/uploads\/2025\/09\/72D2BD20-A07A-4783-BC21-3FB282CC2552-1024x768.jpg 1024w, https:\/\/etre-et-habiter.com\/wp-content\/uploads\/2025\/09\/72D2BD20-A07A-4783-BC21-3FB282CC2552-300x225.jpg 300w, https:\/\/etre-et-habiter.com\/wp-content\/uploads\/2025\/09\/72D2BD20-A07A-4783-BC21-3FB282CC2552-768x576.jpg 768w, https:\/\/etre-et-habiter.com\/wp-content\/uploads\/2025\/09\/72D2BD20-A07A-4783-BC21-3FB282CC2552-1536x1152.jpg 1536w, https:\/\/etre-et-habiter.com\/wp-content\/uploads\/2025\/09\/72D2BD20-A07A-4783-BC21-3FB282CC2552-2048x1536.jpg 2048w\" sizes=\"auto, (max-width: 767px) 89vw, (max-width: 1000px) 54vw, (max-width: 1071px) 543px, 580px\" \/><button\n\t\t\tclass=\"lightbox-trigger\"\n\t\t\ttype=\"button\"\n\t\t\taria-haspopup=\"dialog\"\n\t\t\taria-label=\"Agrandir\"\n\t\t\tdata-wp-init=\"callbacks.initTriggerButton\"\n\t\t\tdata-wp-on--click=\"actions.showLightbox\"\n\t\t\tdata-wp-style--right=\"state.imageButtonRight\"\n\t\t\tdata-wp-style--top=\"state.imageButtonTop\"\n\t\t>\n\t\t\t<svg xmlns=\"http:\/\/www.w3.org\/2000\/svg\" width=\"12\" height=\"12\" fill=\"none\" viewBox=\"0 0 12 12\">\n\t\t\t\t<path fill=\"#fff\" d=\"M2 0a2 2 0 0 0-2 2v2h1.5V2a.5.5 0 0 1 .5-.5h2V0H2Zm2 10.5H2a.5.5 0 0 1-.5-.5V8H0v2a2 2 0 0 0 2 2h2v-1.5ZM8 12v-1.5h2a.5.5 0 0 0 .5-.5V8H12v2a2 2 0 0 1-2 2H8Zm2-12a2 2 0 0 1 2 2v2h-1.5V2a.5.5 0 0 0-.5-.5H8V0h2Z\" \/>\n\t\t\t<\/svg>\n\t\t<\/button><\/figure>\n\n\n\n<p><\/p>\n","protected":false},"excerpt":{"rendered":"<p>Con\u00e7u sur les cadres structurels en acier, les terrasses modulaires nous garantissent une dur\u00e9e de vie exceptionnelle. Contrairement aux terrasses classiques, seules les lames bois endommag\u00e9es seront \u00e0 changer dans le temps. La structure restera intacte dans le temps.<\/p>\n","protected":false},"author":1,"featured_media":311,"parent":0,"menu_order":0,"comment_status":"closed","ping_status":"closed","template":"","meta":{"footnotes":""},"class_list":["post-16","page","type-page","status-publish","has-post-thumbnail","hentry"],"_links":{"self":[{"href":"https:\/\/etre-et-habiter.com\/index.php?rest_route=\/wp\/v2\/pages\/16","targetHints":{"allow":["GET"]}}],"collection":[{"href":"https:\/\/etre-et-habiter.com\/index.php?rest_route=\/wp\/v2\/pages"}],"about":[{"href":"https:\/\/etre-et-habiter.com\/index.php?rest_route=\/wp\/v2\/types\/page"}],"author":[{"embeddable":true,"href":"https:\/\/etre-et-habiter.com\/index.php?rest_route=\/wp\/v2\/users\/1"}],"replies":[{"embeddable":true,"href":"https:\/\/etre-et-habiter.com\/index.php?rest_route=%2Fwp%2Fv2%2Fcomments&post=16"}],"version-history":[{"count":8,"href":"https:\/\/etre-et-habiter.com\/index.php?rest_route=\/wp\/v2\/pages\/16\/revisions"}],"predecessor-version":[{"id":261,"href":"https:\/\/etre-et-habiter.com\/index.php?rest_route=\/wp\/v2\/pages\/16\/revisions\/261"}],"wp:featuredmedia":[{"embeddable":true,"href":"https:\/\/etre-et-habiter.com\/index.php?rest_route=\/wp\/v2\/media\/311"}],"wp:attachment":[{"href":"https:\/\/etre-et-habiter.com\/index.php?rest_route=%2Fwp%2Fv2%2Fmedia&parent=16"}],"curies":[{"name":"wp","href":"https:\/\/api.w.org\/{rel}","templated":true}]}}