{"id":19,"date":"2025-09-29T12:28:16","date_gmt":"2025-09-29T12:28:16","guid":{"rendered":"https:\/\/etre-et-habiter.com\/?page_id=19"},"modified":"2025-11-11T18:49:19","modified_gmt":"2025-11-11T18:49:19","slug":"les-pergolas-modulaires","status":"publish","type":"page","link":"https:\/\/etre-et-habiter.com\/?page_id=19","title":{"rendered":"LES PERGOLAS MODULAIRES"},"content":{"rendered":"\n<p>Les pergolas modulaires peuvent \u00e0 la fois s&rsquo;adapter \u00e0 votre habitat existant ou venir compl\u00e9ter l&rsquo;am\u00e9nagement de votre habitat insolite, apportant ainsi une protection solaire efficace \u00e0 vos baies vitr\u00e9es. Construite sur la base d&rsquo;une structure m\u00e9tallique, ces pergolas peuvent selon vos pr\u00e9f\u00e9rences, servir de support \u00e0 des plantes grimpantes, \u00eatre couverte d&rsquo;un voile ombrage ou de Bois. <\/p>\n\n\n\n<!--more-->\n\n\n\n<figure data-wp-context=\"{&quot;imageId&quot;:&quot;69d977a2a34a5&quot;}\" data-wp-interactive=\"core\/image\" data-wp-key=\"69d977a2a34a5\" class=\"wp-block-image size-large wp-lightbox-container\"><img loading=\"lazy\" decoding=\"async\" width=\"1024\" height=\"768\" data-wp-class--hide=\"state.isContentHidden\" data-wp-class--show=\"state.isContentVisible\" data-wp-init=\"callbacks.setButtonStyles\" data-wp-on--click=\"actions.showLightbox\" data-wp-on--load=\"callbacks.setButtonStyles\" data-wp-on-window--resize=\"callbacks.setButtonStyles\" src=\"https:\/\/etre-et-habiter.com\/wp-content\/uploads\/2025\/09\/IMG_5209-1024x768.jpeg\" alt=\"\" class=\"wp-image-103\" srcset=\"https:\/\/etre-et-habiter.com\/wp-content\/uploads\/2025\/09\/IMG_5209-1024x768.jpeg 1024w, https:\/\/etre-et-habiter.com\/wp-content\/uploads\/2025\/09\/IMG_5209-300x225.jpeg 300w, https:\/\/etre-et-habiter.com\/wp-content\/uploads\/2025\/09\/IMG_5209-768x576.jpeg 768w, https:\/\/etre-et-habiter.com\/wp-content\/uploads\/2025\/09\/IMG_5209-1536x1152.jpeg 1536w, https:\/\/etre-et-habiter.com\/wp-content\/uploads\/2025\/09\/IMG_5209-2048x1536.jpeg 2048w\" sizes=\"auto, (max-width: 767px) 89vw, (max-width: 1000px) 54vw, (max-width: 1071px) 543px, 580px\" \/><button\n\t\t\tclass=\"lightbox-trigger\"\n\t\t\ttype=\"button\"\n\t\t\taria-haspopup=\"dialog\"\n\t\t\taria-label=\"Agrandir\"\n\t\t\tdata-wp-init=\"callbacks.initTriggerButton\"\n\t\t\tdata-wp-on--click=\"actions.showLightbox\"\n\t\t\tdata-wp-style--right=\"state.imageButtonRight\"\n\t\t\tdata-wp-style--top=\"state.imageButtonTop\"\n\t\t>\n\t\t\t<svg xmlns=\"http:\/\/www.w3.org\/2000\/svg\" width=\"12\" height=\"12\" fill=\"none\" viewBox=\"0 0 12 12\">\n\t\t\t\t<path fill=\"#fff\" d=\"M2 0a2 2 0 0 0-2 2v2h1.5V2a.5.5 0 0 1 .5-.5h2V0H2Zm2 10.5H2a.5.5 0 0 1-.5-.5V8H0v2a2 2 0 0 0 2 2h2v-1.5ZM8 12v-1.5h2a.5.5 0 0 0 .5-.5V8H12v2a2 2 0 0 1-2 2H8Zm2-12a2 2 0 0 1 2 2v2h-1.5V2a.5.5 0 0 0-.5-.5H8V0h2Z\" \/>\n\t\t\t<\/svg>\n\t\t<\/button><\/figure>\n\n\n\n<h2 class=\"wp-block-heading\">DEVIS SUR-MESURE<\/h2>\n\n\n\n<p>N&rsquo;h\u00e9sitez pas \u00e0 nous contacter pour \u00e9tablir un devis sur-mesure correspondant \u00e0 votre projet.<\/p>\n\n\n\n<figure data-wp-context=\"{&quot;imageId&quot;:&quot;69d977a2a38f3&quot;}\" data-wp-interactive=\"core\/image\" data-wp-key=\"69d977a2a38f3\" class=\"wp-block-image size-large wp-lightbox-container\"><img loading=\"lazy\" decoding=\"async\" width=\"1024\" height=\"768\" data-wp-class--hide=\"state.isContentHidden\" data-wp-class--show=\"state.isContentVisible\" data-wp-init=\"callbacks.setButtonStyles\" data-wp-on--click=\"actions.showLightbox\" data-wp-on--load=\"callbacks.setButtonStyles\" data-wp-on-window--resize=\"callbacks.setButtonStyles\" src=\"https:\/\/etre-et-habiter.com\/wp-content\/uploads\/2025\/09\/522DBA04-0518-49BA-BF5A-E4277A49FEF0-1024x768.jpg\" alt=\"\" class=\"wp-image-101\" srcset=\"https:\/\/etre-et-habiter.com\/wp-content\/uploads\/2025\/09\/522DBA04-0518-49BA-BF5A-E4277A49FEF0-1024x768.jpg 1024w, https:\/\/etre-et-habiter.com\/wp-content\/uploads\/2025\/09\/522DBA04-0518-49BA-BF5A-E4277A49FEF0-300x225.jpg 300w, https:\/\/etre-et-habiter.com\/wp-content\/uploads\/2025\/09\/522DBA04-0518-49BA-BF5A-E4277A49FEF0-768x576.jpg 768w, https:\/\/etre-et-habiter.com\/wp-content\/uploads\/2025\/09\/522DBA04-0518-49BA-BF5A-E4277A49FEF0-1536x1152.jpg 1536w, https:\/\/etre-et-habiter.com\/wp-content\/uploads\/2025\/09\/522DBA04-0518-49BA-BF5A-E4277A49FEF0-2048x1536.jpg 2048w\" sizes=\"auto, (max-width: 767px) 89vw, (max-width: 1000px) 54vw, (max-width: 1071px) 543px, 580px\" \/><button\n\t\t\tclass=\"lightbox-trigger\"\n\t\t\ttype=\"button\"\n\t\t\taria-haspopup=\"dialog\"\n\t\t\taria-label=\"Agrandir\"\n\t\t\tdata-wp-init=\"callbacks.initTriggerButton\"\n\t\t\tdata-wp-on--click=\"actions.showLightbox\"\n\t\t\tdata-wp-style--right=\"state.imageButtonRight\"\n\t\t\tdata-wp-style--top=\"state.imageButtonTop\"\n\t\t>\n\t\t\t<svg xmlns=\"http:\/\/www.w3.org\/2000\/svg\" width=\"12\" height=\"12\" fill=\"none\" viewBox=\"0 0 12 12\">\n\t\t\t\t<path fill=\"#fff\" d=\"M2 0a2 2 0 0 0-2 2v2h1.5V2a.5.5 0 0 1 .5-.5h2V0H2Zm2 10.5H2a.5.5 0 0 1-.5-.5V8H0v2a2 2 0 0 0 2 2h2v-1.5ZM8 12v-1.5h2a.5.5 0 0 0 .5-.5V8H12v2a2 2 0 0 1-2 2H8Zm2-12a2 2 0 0 1 2 2v2h-1.5V2a.5.5 0 0 0-.5-.5H8V0h2Z\" \/>\n\t\t\t<\/svg>\n\t\t<\/button><\/figure>\n","protected":false},"excerpt":{"rendered":"<p>Les pergolas modulaires peuvent \u00e0 la fois s&rsquo;adapter \u00e0 votre habitat existant ou venir compl\u00e9ter l&rsquo;am\u00e9nagement de votre habitat insolite, apportant ainsi une protection solaire efficace \u00e0 vos baies vitr\u00e9es. Construite sur la base d&rsquo;une structure m\u00e9tallique, ces pergolas peuvent selon vos pr\u00e9f\u00e9rences, servir de support \u00e0 des plantes grimpantes, \u00eatre couverte d&rsquo;un voile ombrage &hellip; <\/p>\n<p class=\"link-more\"><a href=\"https:\/\/etre-et-habiter.com\/?page_id=19\" class=\"more-link\">Continuer la lecture<span class=\"screen-reader-text\"> de &laquo;&nbsp;LES PERGOLAS MODULAIRES&nbsp;&raquo;<\/span><\/a><\/p>\n","protected":false},"author":1,"featured_media":308,"parent":0,"menu_order":0,"comment_status":"closed","ping_status":"closed","template":"","meta":{"footnotes":""},"class_list":["post-19","page","type-page","status-publish","has-post-thumbnail","hentry"],"_links":{"self":[{"href":"https:\/\/etre-et-habiter.com\/index.php?rest_route=\/wp\/v2\/pages\/19","targetHints":{"allow":["GET"]}}],"collection":[{"href":"https:\/\/etre-et-habiter.com\/index.php?rest_route=\/wp\/v2\/pages"}],"about":[{"href":"https:\/\/etre-et-habiter.com\/index.php?rest_route=\/wp\/v2\/types\/page"}],"author":[{"embeddable":true,"href":"https:\/\/etre-et-habiter.com\/index.php?rest_route=\/wp\/v2\/users\/1"}],"replies":[{"embeddable":true,"href":"https:\/\/etre-et-habiter.com\/index.php?rest_route=%2Fwp%2Fv2%2Fcomments&post=19"}],"version-history":[{"count":14,"href":"https:\/\/etre-et-habiter.com\/index.php?rest_route=\/wp\/v2\/pages\/19\/revisions"}],"predecessor-version":[{"id":263,"href":"https:\/\/etre-et-habiter.com\/index.php?rest_route=\/wp\/v2\/pages\/19\/revisions\/263"}],"wp:featuredmedia":[{"embeddable":true,"href":"https:\/\/etre-et-habiter.com\/index.php?rest_route=\/wp\/v2\/media\/308"}],"wp:attachment":[{"href":"https:\/\/etre-et-habiter.com\/index.php?rest_route=%2Fwp%2Fv2%2Fmedia&parent=19"}],"curies":[{"name":"wp","href":"https:\/\/api.w.org\/{rel}","templated":true}]}}