{"id":22,"date":"2025-09-29T12:30:08","date_gmt":"2025-09-29T12:30:08","guid":{"rendered":"https:\/\/etre-et-habiter.com\/?page_id=22"},"modified":"2025-09-30T08:24:25","modified_gmt":"2025-09-30T08:24:25","slug":"les-kiosques-modulaires","status":"publish","type":"page","link":"https:\/\/etre-et-habiter.com\/?page_id=22","title":{"rendered":"LES KIOSQUES MODULAIRES"},"content":{"rendered":"\n<p>Cr\u00e9er \u00e0 partir d&rsquo;une structure Metal et Bois, ces kiosques vous permettent de cr\u00e9er un espace ext\u00e9rieur insolite dans votre jardin. Il est possible d&rsquo;y ajouter une terrasse vous permettant de profiter pleinement d&rsquo;un espace privil\u00e9gi\u00e9. Elles peuvent selon vos pr\u00e9f\u00e9rences, servir de support \u00e0 des plantes grimpantes, \u00eatre couverte d&rsquo;un voile et d&rsquo;une toile \u00e9tanche. <\/p>\n\n\n\n<!--more-->\n\n\n\n<figure class=\"wp-block-image size-full\"><a href=\"https:\/\/etre-et-habiter.com\/wp-content\/uploads\/2025\/09\/PHOTO-2025-09-29-20-05-43-2.jpg\"><img loading=\"lazy\" decoding=\"async\" width=\"1536\" height=\"2048\" src=\"https:\/\/etre-et-habiter.com\/wp-content\/uploads\/2025\/09\/PHOTO-2025-09-29-20-05-43-2.jpg\" alt=\"\" class=\"wp-image-267\" srcset=\"https:\/\/etre-et-habiter.com\/wp-content\/uploads\/2025\/09\/PHOTO-2025-09-29-20-05-43-2.jpg 1536w, https:\/\/etre-et-habiter.com\/wp-content\/uploads\/2025\/09\/PHOTO-2025-09-29-20-05-43-2-225x300.jpg 225w, https:\/\/etre-et-habiter.com\/wp-content\/uploads\/2025\/09\/PHOTO-2025-09-29-20-05-43-2-768x1024.jpg 768w, https:\/\/etre-et-habiter.com\/wp-content\/uploads\/2025\/09\/PHOTO-2025-09-29-20-05-43-2-1152x1536.jpg 1152w\" sizes=\"auto, (max-width: 767px) 89vw, (max-width: 1000px) 54vw, (max-width: 1071px) 543px, 580px\" \/><\/a><\/figure>\n\n\n\n<h2 class=\"wp-block-heading\">DEVIS SUR-MESURE<\/h2>\n\n\n\n<p>N&rsquo;h\u00e9sitez pas \u00e0 nous contacter pour \u00e9tablir un devis sur-mesure correspondant \u00e0 votre projet.<\/p>\n\n\n\n<figure data-wp-context=\"{&quot;imageId&quot;:&quot;69d97763c3f2d&quot;}\" data-wp-interactive=\"core\/image\" data-wp-key=\"69d97763c3f2d\" class=\"wp-block-image size-large wp-lightbox-container\"><img loading=\"lazy\" decoding=\"async\" width=\"768\" height=\"1024\" data-wp-class--hide=\"state.isContentHidden\" data-wp-class--show=\"state.isContentVisible\" data-wp-init=\"callbacks.setButtonStyles\" data-wp-on--click=\"actions.showLightbox\" data-wp-on--load=\"callbacks.setButtonStyles\" data-wp-on-window--resize=\"callbacks.setButtonStyles\" src=\"https:\/\/etre-et-habiter.com\/wp-content\/uploads\/2025\/09\/PHOTO-2025-09-29-20-56-00-1-768x1024.jpg\" alt=\"\" class=\"wp-image-250\" srcset=\"https:\/\/etre-et-habiter.com\/wp-content\/uploads\/2025\/09\/PHOTO-2025-09-29-20-56-00-1-768x1024.jpg 768w, https:\/\/etre-et-habiter.com\/wp-content\/uploads\/2025\/09\/PHOTO-2025-09-29-20-56-00-1-225x300.jpg 225w, https:\/\/etre-et-habiter.com\/wp-content\/uploads\/2025\/09\/PHOTO-2025-09-29-20-56-00-1-1152x1536.jpg 1152w, https:\/\/etre-et-habiter.com\/wp-content\/uploads\/2025\/09\/PHOTO-2025-09-29-20-56-00-1.jpg 1536w\" sizes=\"auto, (max-width: 767px) 89vw, (max-width: 1000px) 54vw, (max-width: 1071px) 543px, 580px\" \/><button\n\t\t\tclass=\"lightbox-trigger\"\n\t\t\ttype=\"button\"\n\t\t\taria-haspopup=\"dialog\"\n\t\t\taria-label=\"Agrandir\"\n\t\t\tdata-wp-init=\"callbacks.initTriggerButton\"\n\t\t\tdata-wp-on--click=\"actions.showLightbox\"\n\t\t\tdata-wp-style--right=\"state.imageButtonRight\"\n\t\t\tdata-wp-style--top=\"state.imageButtonTop\"\n\t\t>\n\t\t\t<svg xmlns=\"http:\/\/www.w3.org\/2000\/svg\" width=\"12\" height=\"12\" fill=\"none\" viewBox=\"0 0 12 12\">\n\t\t\t\t<path fill=\"#fff\" d=\"M2 0a2 2 0 0 0-2 2v2h1.5V2a.5.5 0 0 1 .5-.5h2V0H2Zm2 10.5H2a.5.5 0 0 1-.5-.5V8H0v2a2 2 0 0 0 2 2h2v-1.5ZM8 12v-1.5h2a.5.5 0 0 0 .5-.5V8H12v2a2 2 0 0 1-2 2H8Zm2-12a2 2 0 0 1 2 2v2h-1.5V2a.5.5 0 0 0-.5-.5H8V0h2Z\" \/>\n\t\t\t<\/svg>\n\t\t<\/button><\/figure>\n","protected":false},"excerpt":{"rendered":"<p>Cr\u00e9er \u00e0 partir d&rsquo;une structure Metal et Bois, ces kiosques vous permettent de cr\u00e9er un espace ext\u00e9rieur insolite dans votre jardin. Il est possible d&rsquo;y ajouter une terrasse vous permettant de profiter pleinement d&rsquo;un espace privil\u00e9gi\u00e9. Elles peuvent selon vos pr\u00e9f\u00e9rences, servir de support \u00e0 des plantes grimpantes, \u00eatre couverte d&rsquo;un voile et d&rsquo;une toile &hellip; <\/p>\n<p class=\"link-more\"><a href=\"https:\/\/etre-et-habiter.com\/?page_id=22\" class=\"more-link\">Continuer la lecture<span class=\"screen-reader-text\"> de &laquo;&nbsp;LES KIOSQUES MODULAIRES&nbsp;&raquo;<\/span><\/a><\/p>\n","protected":false},"author":1,"featured_media":266,"parent":0,"menu_order":0,"comment_status":"closed","ping_status":"closed","template":"","meta":{"footnotes":""},"class_list":["post-22","page","type-page","status-publish","has-post-thumbnail","hentry"],"_links":{"self":[{"href":"https:\/\/etre-et-habiter.com\/index.php?rest_route=\/wp\/v2\/pages\/22","targetHints":{"allow":["GET"]}}],"collection":[{"href":"https:\/\/etre-et-habiter.com\/index.php?rest_route=\/wp\/v2\/pages"}],"about":[{"href":"https:\/\/etre-et-habiter.com\/index.php?rest_route=\/wp\/v2\/types\/page"}],"author":[{"embeddable":true,"href":"https:\/\/etre-et-habiter.com\/index.php?rest_route=\/wp\/v2\/users\/1"}],"replies":[{"embeddable":true,"href":"https:\/\/etre-et-habiter.com\/index.php?rest_route=%2Fwp%2Fv2%2Fcomments&post=22"}],"version-history":[{"count":10,"href":"https:\/\/etre-et-habiter.com\/index.php?rest_route=\/wp\/v2\/pages\/22\/revisions"}],"predecessor-version":[{"id":269,"href":"https:\/\/etre-et-habiter.com\/index.php?rest_route=\/wp\/v2\/pages\/22\/revisions\/269"}],"wp:featuredmedia":[{"embeddable":true,"href":"https:\/\/etre-et-habiter.com\/index.php?rest_route=\/wp\/v2\/media\/266"}],"wp:attachment":[{"href":"https:\/\/etre-et-habiter.com\/index.php?rest_route=%2Fwp%2Fv2%2Fmedia&parent=22"}],"curies":[{"name":"wp","href":"https:\/\/api.w.org\/{rel}","templated":true}]}}