{"id":7,"date":"2025-09-29T12:23:39","date_gmt":"2025-09-29T12:23:39","guid":{"rendered":"https:\/\/etre-et-habiter.com\/?page_id=7"},"modified":"2025-11-11T18:58:44","modified_gmt":"2025-11-11T18:58:44","slug":"les-perles-de-bois","status":"publish","type":"page","link":"https:\/\/etre-et-habiter.com\/?page_id=7","title":{"rendered":"LES PERLES DE BOIS"},"content":{"rendered":"\n<h2 class=\"wp-block-heading\">CONCEPT<\/h2>\n\n\n\n<p>Empruntant sa forme ronde \u00e0 la yourte, sa robustesse \u00e0 la construction ossature bois, et les performances thermiques aux maisons contemporaines, Les Perles de bois vont plus loin, dans un concept novateur alliant le bois et le m\u00e9tal pour permettre de vitrer jusqu&rsquo;\u00e0 360\u00b0.<\/p>\n\n\n\n<p><\/p>\n\n\n\n<!--more-->\n\n\n\n<figure data-wp-context=\"{&quot;imageId&quot;:&quot;69d977ef73f45&quot;}\" data-wp-interactive=\"core\/image\" data-wp-key=\"69d977ef73f45\" class=\"wp-block-image size-large wp-lightbox-container\"><img loading=\"lazy\" decoding=\"async\" width=\"1024\" height=\"771\" data-wp-class--hide=\"state.isContentHidden\" data-wp-class--show=\"state.isContentVisible\" data-wp-init=\"callbacks.setButtonStyles\" data-wp-on--click=\"actions.showLightbox\" data-wp-on--load=\"callbacks.setButtonStyles\" data-wp-on-window--resize=\"callbacks.setButtonStyles\" src=\"http:\/\/etre-et-habiter.com\/wp-content\/uploads\/2025\/09\/1000011904-1024x771.jpg\" alt=\"\" class=\"wp-image-138\" srcset=\"https:\/\/etre-et-habiter.com\/wp-content\/uploads\/2025\/09\/1000011904-1024x771.jpg 1024w, https:\/\/etre-et-habiter.com\/wp-content\/uploads\/2025\/09\/1000011904-300x226.jpg 300w, https:\/\/etre-et-habiter.com\/wp-content\/uploads\/2025\/09\/1000011904-768x578.jpg 768w, https:\/\/etre-et-habiter.com\/wp-content\/uploads\/2025\/09\/1000011904-1536x1157.jpg 1536w, https:\/\/etre-et-habiter.com\/wp-content\/uploads\/2025\/09\/1000011904-2048x1542.jpg 2048w\" sizes=\"auto, (max-width: 767px) 89vw, (max-width: 1000px) 54vw, (max-width: 1071px) 543px, 580px\" \/><button\n\t\t\tclass=\"lightbox-trigger\"\n\t\t\ttype=\"button\"\n\t\t\taria-haspopup=\"dialog\"\n\t\t\taria-label=\"Agrandir\"\n\t\t\tdata-wp-init=\"callbacks.initTriggerButton\"\n\t\t\tdata-wp-on--click=\"actions.showLightbox\"\n\t\t\tdata-wp-style--right=\"state.imageButtonRight\"\n\t\t\tdata-wp-style--top=\"state.imageButtonTop\"\n\t\t>\n\t\t\t<svg xmlns=\"http:\/\/www.w3.org\/2000\/svg\" width=\"12\" height=\"12\" fill=\"none\" viewBox=\"0 0 12 12\">\n\t\t\t\t<path fill=\"#fff\" d=\"M2 0a2 2 0 0 0-2 2v2h1.5V2a.5.5 0 0 1 .5-.5h2V0H2Zm2 10.5H2a.5.5 0 0 1-.5-.5V8H0v2a2 2 0 0 0 2 2h2v-1.5ZM8 12v-1.5h2a.5.5 0 0 0 .5-.5V8H12v2a2 2 0 0 1-2 2H8Zm2-12a2 2 0 0 1 2 2v2h-1.5V2a.5.5 0 0 0-.5-.5H8V0h2Z\" \/>\n\t\t\t<\/svg>\n\t\t<\/button><\/figure>\n\n\n\n<figure class=\"wp-block-video\"><video height=\"1080\" style=\"aspect-ratio: 1920 \/ 1080;\" width=\"1920\" controls src=\"https:\/\/etre-et-habiter.com\/wp-content\/uploads\/2025\/11\/03.mp4\"><\/video><\/figure>\n\n\n\n<h2 class=\"wp-block-heading\">HABITER EN RELATION AVEC L&rsquo;EXTERIEUR<\/h2>\n\n\n\n<p>La qualit\u00e9 d&rsquo;habiter se d\u00e9finit pour nous dans la qualit\u00e9 de relation que l&rsquo;habitat entretient avec l&rsquo;ext\u00e9rieur. S&rsquo;inspirant de l&rsquo;architecture japonaise, chaque pi\u00e8ce peut trouver son \u00e9quilibre dans sa relation avec un jardin ext\u00e9rieur, qu&rsquo;il soit \u00e0 perte de vue, ou reconstitu\u00e9 sur quelques m\u00e8tres carr\u00e9s s\u00e9parant d&rsquo;une limite parcellaire.<\/p>\n\n\n\n<figure class=\"wp-block-gallery has-nested-images columns-default is-cropped wp-block-gallery-1 is-layout-flex wp-block-gallery-is-layout-flex\">\n<figure data-wp-context=\"{&quot;imageId&quot;:&quot;69d977ef748fa&quot;}\" data-wp-interactive=\"core\/image\" data-wp-key=\"69d977ef748fa\" class=\"wp-block-image size-large wp-lightbox-container\"><img loading=\"lazy\" decoding=\"async\" width=\"1024\" height=\"771\" data-wp-class--hide=\"state.isContentHidden\" data-wp-class--show=\"state.isContentVisible\" data-wp-init=\"callbacks.setButtonStyles\" data-wp-on--click=\"actions.showLightbox\" data-wp-on--load=\"callbacks.setButtonStyles\" data-wp-on-window--resize=\"callbacks.setButtonStyles\" data-id=\"140\" src=\"http:\/\/etre-et-habiter.com\/wp-content\/uploads\/2025\/09\/1000011910-1024x771.jpg\" alt=\"\" class=\"wp-image-140\" srcset=\"https:\/\/etre-et-habiter.com\/wp-content\/uploads\/2025\/09\/1000011910-1024x771.jpg 1024w, https:\/\/etre-et-habiter.com\/wp-content\/uploads\/2025\/09\/1000011910-300x226.jpg 300w, https:\/\/etre-et-habiter.com\/wp-content\/uploads\/2025\/09\/1000011910-768x578.jpg 768w, https:\/\/etre-et-habiter.com\/wp-content\/uploads\/2025\/09\/1000011910-1536x1157.jpg 1536w, https:\/\/etre-et-habiter.com\/wp-content\/uploads\/2025\/09\/1000011910-2048x1542.jpg 2048w\" sizes=\"auto, (max-width: 767px) 89vw, (max-width: 1000px) 54vw, (max-width: 1071px) 543px, 580px\" \/><button\n\t\t\tclass=\"lightbox-trigger\"\n\t\t\ttype=\"button\"\n\t\t\taria-haspopup=\"dialog\"\n\t\t\taria-label=\"Agrandir\"\n\t\t\tdata-wp-init=\"callbacks.initTriggerButton\"\n\t\t\tdata-wp-on--click=\"actions.showLightbox\"\n\t\t\tdata-wp-style--right=\"state.imageButtonRight\"\n\t\t\tdata-wp-style--top=\"state.imageButtonTop\"\n\t\t>\n\t\t\t<svg xmlns=\"http:\/\/www.w3.org\/2000\/svg\" width=\"12\" height=\"12\" fill=\"none\" viewBox=\"0 0 12 12\">\n\t\t\t\t<path fill=\"#fff\" d=\"M2 0a2 2 0 0 0-2 2v2h1.5V2a.5.5 0 0 1 .5-.5h2V0H2Zm2 10.5H2a.5.5 0 0 1-.5-.5V8H0v2a2 2 0 0 0 2 2h2v-1.5ZM8 12v-1.5h2a.5.5 0 0 0 .5-.5V8H12v2a2 2 0 0 1-2 2H8Zm2-12a2 2 0 0 1 2 2v2h-1.5V2a.5.5 0 0 0-.5-.5H8V0h2Z\" \/>\n\t\t\t<\/svg>\n\t\t<\/button><\/figure>\n<\/figure>\n\n\n\n<figure class=\"wp-block-video\"><video height=\"1080\" style=\"aspect-ratio: 1920 \/ 1080;\" width=\"1920\" controls src=\"https:\/\/etre-et-habiter.com\/wp-content\/uploads\/2025\/11\/06.mp4\"><\/video><\/figure>\n\n\n\n<figure class=\"wp-block-video\"><video height=\"1080\" style=\"aspect-ratio: 1920 \/ 1080;\" width=\"1920\" controls src=\"https:\/\/etre-et-habiter.com\/wp-content\/uploads\/2025\/11\/07.mp4\"><\/video><\/figure>\n\n\n\n<h2 class=\"wp-block-heading\">UN LIBRE CHOIX DE COMPOSITION<\/h2>\n\n\n\n<p>Le concept mis en place vous permet de choisir librement le nombre de mur bois, et de mur vir\u00e9e. Le choix n&rsquo;ayant pas d&rsquo;influence sur le cout de la construction ! Il permet \u00e9galement d&rsquo;intervertir les panneaux et ceux m\u00eame apr\u00e8s montage, vous permettant de faire \u00e9voluer votre projet.<\/p>\n\n\n\n<figure data-wp-context=\"{&quot;imageId&quot;:&quot;69d977ef75961&quot;}\" data-wp-interactive=\"core\/image\" data-wp-key=\"69d977ef75961\" class=\"wp-block-image size-large wp-lightbox-container\"><img loading=\"lazy\" decoding=\"async\" width=\"1024\" height=\"771\" data-wp-class--hide=\"state.isContentHidden\" data-wp-class--show=\"state.isContentVisible\" data-wp-init=\"callbacks.setButtonStyles\" data-wp-on--click=\"actions.showLightbox\" data-wp-on--load=\"callbacks.setButtonStyles\" data-wp-on-window--resize=\"callbacks.setButtonStyles\" src=\"https:\/\/etre-et-habiter.com\/wp-content\/uploads\/2025\/09\/MURS-1024x771.jpg\" alt=\"\" class=\"wp-image-86\" srcset=\"https:\/\/etre-et-habiter.com\/wp-content\/uploads\/2025\/09\/MURS-1024x771.jpg 1024w, https:\/\/etre-et-habiter.com\/wp-content\/uploads\/2025\/09\/MURS-300x226.jpg 300w, https:\/\/etre-et-habiter.com\/wp-content\/uploads\/2025\/09\/MURS-768x578.jpg 768w, https:\/\/etre-et-habiter.com\/wp-content\/uploads\/2025\/09\/MURS-1536x1157.jpg 1536w, https:\/\/etre-et-habiter.com\/wp-content\/uploads\/2025\/09\/MURS-2048x1542.jpg 2048w\" sizes=\"auto, (max-width: 767px) 89vw, (max-width: 1000px) 54vw, (max-width: 1071px) 543px, 580px\" \/><button\n\t\t\tclass=\"lightbox-trigger\"\n\t\t\ttype=\"button\"\n\t\t\taria-haspopup=\"dialog\"\n\t\t\taria-label=\"Agrandir\"\n\t\t\tdata-wp-init=\"callbacks.initTriggerButton\"\n\t\t\tdata-wp-on--click=\"actions.showLightbox\"\n\t\t\tdata-wp-style--right=\"state.imageButtonRight\"\n\t\t\tdata-wp-style--top=\"state.imageButtonTop\"\n\t\t>\n\t\t\t<svg xmlns=\"http:\/\/www.w3.org\/2000\/svg\" width=\"12\" height=\"12\" fill=\"none\" viewBox=\"0 0 12 12\">\n\t\t\t\t<path fill=\"#fff\" d=\"M2 0a2 2 0 0 0-2 2v2h1.5V2a.5.5 0 0 1 .5-.5h2V0H2Zm2 10.5H2a.5.5 0 0 1-.5-.5V8H0v2a2 2 0 0 0 2 2h2v-1.5ZM8 12v-1.5h2a.5.5 0 0 0 .5-.5V8H12v2a2 2 0 0 1-2 2H8Zm2-12a2 2 0 0 1 2 2v2h-1.5V2a.5.5 0 0 0-.5-.5H8V0h2Z\" \/>\n\t\t\t<\/svg>\n\t\t<\/button><\/figure>\n\n\n\n<h2 class=\"wp-block-heading\">DES VOLUMES INTERIEURS SPACIEUX<\/h2>\n\n\n\n<p>Les grandes hauteurs sous plafonds vous permettent d&rsquo;y apporter une mezzanine int\u00e9rieure suppl\u00e9mentaire, et am\u00e9nager quelques cloisons pour d\u00e9finir les espaces. La grande fen\u00eatre centrales ouvrante par une vis sans fin vous permets une a\u00e9ration suppl\u00e9mentaire ainsi qu&rsquo;une vue spectaculaire sur le ciel !<\/p>\n\n\n\n<figure data-wp-context=\"{&quot;imageId&quot;:&quot;69d977ef75e81&quot;}\" data-wp-interactive=\"core\/image\" data-wp-key=\"69d977ef75e81\" class=\"wp-block-image size-large wp-lightbox-container\"><img loading=\"lazy\" decoding=\"async\" width=\"771\" height=\"1024\" data-wp-class--hide=\"state.isContentHidden\" data-wp-class--show=\"state.isContentVisible\" data-wp-init=\"callbacks.setButtonStyles\" data-wp-on--click=\"actions.showLightbox\" data-wp-on--load=\"callbacks.setButtonStyles\" data-wp-on-window--resize=\"callbacks.setButtonStyles\" src=\"https:\/\/etre-et-habiter.com\/wp-content\/uploads\/2025\/09\/1000013750-771x1024.jpg\" alt=\"\" class=\"wp-image-141\" srcset=\"https:\/\/etre-et-habiter.com\/wp-content\/uploads\/2025\/09\/1000013750-771x1024.jpg 771w, https:\/\/etre-et-habiter.com\/wp-content\/uploads\/2025\/09\/1000013750-226x300.jpg 226w, https:\/\/etre-et-habiter.com\/wp-content\/uploads\/2025\/09\/1000013750-768x1020.jpg 768w, https:\/\/etre-et-habiter.com\/wp-content\/uploads\/2025\/09\/1000013750-1157x1536.jpg 1157w, https:\/\/etre-et-habiter.com\/wp-content\/uploads\/2025\/09\/1000013750-1542x2048.jpg 1542w, https:\/\/etre-et-habiter.com\/wp-content\/uploads\/2025\/09\/1000013750-scaled.jpg 1928w\" sizes=\"auto, (max-width: 767px) 89vw, (max-width: 1000px) 54vw, (max-width: 1071px) 543px, 580px\" \/><button\n\t\t\tclass=\"lightbox-trigger\"\n\t\t\ttype=\"button\"\n\t\t\taria-haspopup=\"dialog\"\n\t\t\taria-label=\"Agrandir\"\n\t\t\tdata-wp-init=\"callbacks.initTriggerButton\"\n\t\t\tdata-wp-on--click=\"actions.showLightbox\"\n\t\t\tdata-wp-style--right=\"state.imageButtonRight\"\n\t\t\tdata-wp-style--top=\"state.imageButtonTop\"\n\t\t>\n\t\t\t<svg xmlns=\"http:\/\/www.w3.org\/2000\/svg\" width=\"12\" height=\"12\" fill=\"none\" viewBox=\"0 0 12 12\">\n\t\t\t\t<path fill=\"#fff\" d=\"M2 0a2 2 0 0 0-2 2v2h1.5V2a.5.5 0 0 1 .5-.5h2V0H2Zm2 10.5H2a.5.5 0 0 1-.5-.5V8H0v2a2 2 0 0 0 2 2h2v-1.5ZM8 12v-1.5h2a.5.5 0 0 0 .5-.5V8H12v2a2 2 0 0 1-2 2H8Zm2-12a2 2 0 0 1 2 2v2h-1.5V2a.5.5 0 0 0-.5-.5H8V0h2Z\" \/>\n\t\t\t<\/svg>\n\t\t<\/button><\/figure>\n\n\n\n<figure class=\"wp-block-video\"><video height=\"1080\" style=\"aspect-ratio: 1920 \/ 1080;\" width=\"1920\" controls src=\"https:\/\/etre-et-habiter.com\/wp-content\/uploads\/2025\/11\/05.mp4\"><\/video><\/figure>\n\n\n\n<h2 class=\"wp-block-heading\">DES MATERIAUX ECOLOGIQUES ET DURABLES<\/h2>\n\n\n\n<p>Les recherches sur le cout de la construction ne nous ont jamais fait transiger sur la qualit\u00e9 des mat\u00e9riaux utilis\u00e9s. Du Douglas utilis\u00e9 pour la plupart du bois de construction (hormis le plancher), au choix des isolants \u00e9cologiques, en passant par la durabilit\u00e9 de l&rsquo;acier, chaque mati\u00e8re est pens\u00e9e pour durer tout en apportant les performances recherch\u00e9es. <\/p>\n\n\n\n<figure data-wp-context=\"{&quot;imageId&quot;:&quot;69d977ef76758&quot;}\" data-wp-interactive=\"core\/image\" data-wp-key=\"69d977ef76758\" class=\"wp-block-image size-large wp-lightbox-container\"><img loading=\"lazy\" decoding=\"async\" width=\"1024\" height=\"771\" data-wp-class--hide=\"state.isContentHidden\" data-wp-class--show=\"state.isContentVisible\" data-wp-init=\"callbacks.setButtonStyles\" data-wp-on--click=\"actions.showLightbox\" data-wp-on--load=\"callbacks.setButtonStyles\" data-wp-on-window--resize=\"callbacks.setButtonStyles\" src=\"http:\/\/etre-et-habiter.com\/wp-content\/uploads\/2025\/09\/MURS_4-OU-ISOLATION-1024x771.jpg\" alt=\"\" class=\"wp-image-87\" srcset=\"https:\/\/etre-et-habiter.com\/wp-content\/uploads\/2025\/09\/MURS_4-OU-ISOLATION-1024x771.jpg 1024w, https:\/\/etre-et-habiter.com\/wp-content\/uploads\/2025\/09\/MURS_4-OU-ISOLATION-300x226.jpg 300w, https:\/\/etre-et-habiter.com\/wp-content\/uploads\/2025\/09\/MURS_4-OU-ISOLATION-768x578.jpg 768w, https:\/\/etre-et-habiter.com\/wp-content\/uploads\/2025\/09\/MURS_4-OU-ISOLATION-1536x1157.jpg 1536w, https:\/\/etre-et-habiter.com\/wp-content\/uploads\/2025\/09\/MURS_4-OU-ISOLATION-2048x1542.jpg 2048w\" sizes=\"auto, (max-width: 767px) 89vw, (max-width: 1000px) 54vw, (max-width: 1071px) 543px, 580px\" \/><button\n\t\t\tclass=\"lightbox-trigger\"\n\t\t\ttype=\"button\"\n\t\t\taria-haspopup=\"dialog\"\n\t\t\taria-label=\"Agrandir\"\n\t\t\tdata-wp-init=\"callbacks.initTriggerButton\"\n\t\t\tdata-wp-on--click=\"actions.showLightbox\"\n\t\t\tdata-wp-style--right=\"state.imageButtonRight\"\n\t\t\tdata-wp-style--top=\"state.imageButtonTop\"\n\t\t>\n\t\t\t<svg xmlns=\"http:\/\/www.w3.org\/2000\/svg\" width=\"12\" height=\"12\" fill=\"none\" viewBox=\"0 0 12 12\">\n\t\t\t\t<path fill=\"#fff\" d=\"M2 0a2 2 0 0 0-2 2v2h1.5V2a.5.5 0 0 1 .5-.5h2V0H2Zm2 10.5H2a.5.5 0 0 1-.5-.5V8H0v2a2 2 0 0 0 2 2h2v-1.5ZM8 12v-1.5h2a.5.5 0 0 0 .5-.5V8H12v2a2 2 0 0 1-2 2H8Zm2-12a2 2 0 0 1 2 2v2h-1.5V2a.5.5 0 0 0-.5-.5H8V0h2Z\" \/>\n\t\t\t<\/svg>\n\t\t<\/button><\/figure>\n\n\n\n<h2 class=\"wp-block-heading\">TROIS VOLUMES, PLUSIEURS OPTIONS<\/h2>\n\n\n\n<p>Nous avons mis au point trois volumes diff\u00e9rents, 5,6,7 et 8 m de diam\u00e8tres offrant respectivement 18, 28, 38 et 39m2 environs, avec des prix hors options \u00e0 partir de 900 euros ttc\/m2. Ils sont combinables entre eux \u00e0 l&rsquo;infini ! Pouvant ainsi r\u00e9pondre \u00e0 vos besoins de surfaces. Nous proposons \u00e9galement diff\u00e9rentes options pour r\u00e9pondre \u00e0 votre projet : mezzanine, cloisons int\u00e9rieurs, terrasse, pergola, diff\u00e9rents choix de finitions&#8230;<\/p>\n\n\n\n<p>N&rsquo;h\u00e9sitez pas \u00e0 nous contacter pour plus de renseignement. <\/p>\n\n\n\n<figure data-wp-context=\"{&quot;imageId&quot;:&quot;69d977ef76c9d&quot;}\" data-wp-interactive=\"core\/image\" data-wp-key=\"69d977ef76c9d\" class=\"wp-block-image size-large wp-lightbox-container\"><img loading=\"lazy\" decoding=\"async\" width=\"766\" height=\"1024\" data-wp-class--hide=\"state.isContentHidden\" data-wp-class--show=\"state.isContentVisible\" data-wp-init=\"callbacks.setButtonStyles\" data-wp-on--click=\"actions.showLightbox\" data-wp-on--load=\"callbacks.setButtonStyles\" data-wp-on-window--resize=\"callbacks.setButtonStyles\" src=\"https:\/\/etre-et-habiter.com\/wp-content\/uploads\/2025\/09\/FINITION_INTE_13-766x1024.jpg\" alt=\"\" class=\"wp-image-88\" srcset=\"https:\/\/etre-et-habiter.com\/wp-content\/uploads\/2025\/09\/FINITION_INTE_13-766x1024.jpg 766w, https:\/\/etre-et-habiter.com\/wp-content\/uploads\/2025\/09\/FINITION_INTE_13-224x300.jpg 224w, https:\/\/etre-et-habiter.com\/wp-content\/uploads\/2025\/09\/FINITION_INTE_13-768x1027.jpg 768w, https:\/\/etre-et-habiter.com\/wp-content\/uploads\/2025\/09\/FINITION_INTE_13-1149x1536.jpg 1149w, https:\/\/etre-et-habiter.com\/wp-content\/uploads\/2025\/09\/FINITION_INTE_13-1532x2048.jpg 1532w, https:\/\/etre-et-habiter.com\/wp-content\/uploads\/2025\/09\/FINITION_INTE_13-scaled.jpg 1915w\" sizes=\"auto, (max-width: 706px) 89vw, (max-width: 767px) 82vw, 740px\" \/><button\n\t\t\tclass=\"lightbox-trigger\"\n\t\t\ttype=\"button\"\n\t\t\taria-haspopup=\"dialog\"\n\t\t\taria-label=\"Agrandir\"\n\t\t\tdata-wp-init=\"callbacks.initTriggerButton\"\n\t\t\tdata-wp-on--click=\"actions.showLightbox\"\n\t\t\tdata-wp-style--right=\"state.imageButtonRight\"\n\t\t\tdata-wp-style--top=\"state.imageButtonTop\"\n\t\t>\n\t\t\t<svg xmlns=\"http:\/\/www.w3.org\/2000\/svg\" width=\"12\" height=\"12\" fill=\"none\" viewBox=\"0 0 12 12\">\n\t\t\t\t<path fill=\"#fff\" d=\"M2 0a2 2 0 0 0-2 2v2h1.5V2a.5.5 0 0 1 .5-.5h2V0H2Zm2 10.5H2a.5.5 0 0 1-.5-.5V8H0v2a2 2 0 0 0 2 2h2v-1.5ZM8 12v-1.5h2a.5.5 0 0 0 .5-.5V8H12v2a2 2 0 0 1-2 2H8Zm2-12a2 2 0 0 1 2 2v2h-1.5V2a.5.5 0 0 0-.5-.5H8V0h2Z\" \/>\n\t\t\t<\/svg>\n\t\t<\/button><\/figure>\n\n\n\n<figure data-wp-context=\"{&quot;imageId&quot;:&quot;69d977ef770b2&quot;}\" data-wp-interactive=\"core\/image\" data-wp-key=\"69d977ef770b2\" class=\"wp-block-image size-large wp-lightbox-container\"><img loading=\"lazy\" decoding=\"async\" width=\"1024\" height=\"768\" data-wp-class--hide=\"state.isContentHidden\" data-wp-class--show=\"state.isContentVisible\" data-wp-init=\"callbacks.setButtonStyles\" data-wp-on--click=\"actions.showLightbox\" data-wp-on--load=\"callbacks.setButtonStyles\" data-wp-on-window--resize=\"callbacks.setButtonStyles\" src=\"https:\/\/etre-et-habiter.com\/wp-content\/uploads\/2025\/09\/IMG_5635-1024x768.jpg\" alt=\"\" class=\"wp-image-117\" srcset=\"https:\/\/etre-et-habiter.com\/wp-content\/uploads\/2025\/09\/IMG_5635-1024x768.jpg 1024w, https:\/\/etre-et-habiter.com\/wp-content\/uploads\/2025\/09\/IMG_5635-300x225.jpg 300w, https:\/\/etre-et-habiter.com\/wp-content\/uploads\/2025\/09\/IMG_5635-768x576.jpg 768w, https:\/\/etre-et-habiter.com\/wp-content\/uploads\/2025\/09\/IMG_5635-1536x1152.jpg 1536w, https:\/\/etre-et-habiter.com\/wp-content\/uploads\/2025\/09\/IMG_5635-2048x1536.jpg 2048w\" sizes=\"auto, (max-width: 767px) 89vw, (max-width: 1000px) 54vw, (max-width: 1071px) 543px, 580px\" \/><button\n\t\t\tclass=\"lightbox-trigger\"\n\t\t\ttype=\"button\"\n\t\t\taria-haspopup=\"dialog\"\n\t\t\taria-label=\"Agrandir\"\n\t\t\tdata-wp-init=\"callbacks.initTriggerButton\"\n\t\t\tdata-wp-on--click=\"actions.showLightbox\"\n\t\t\tdata-wp-style--right=\"state.imageButtonRight\"\n\t\t\tdata-wp-style--top=\"state.imageButtonTop\"\n\t\t>\n\t\t\t<svg xmlns=\"http:\/\/www.w3.org\/2000\/svg\" width=\"12\" height=\"12\" fill=\"none\" viewBox=\"0 0 12 12\">\n\t\t\t\t<path fill=\"#fff\" d=\"M2 0a2 2 0 0 0-2 2v2h1.5V2a.5.5 0 0 1 .5-.5h2V0H2Zm2 10.5H2a.5.5 0 0 1-.5-.5V8H0v2a2 2 0 0 0 2 2h2v-1.5ZM8 12v-1.5h2a.5.5 0 0 0 .5-.5V8H12v2a2 2 0 0 1-2 2H8Zm2-12a2 2 0 0 1 2 2v2h-1.5V2a.5.5 0 0 0-.5-.5H8V0h2Z\" \/>\n\t\t\t<\/svg>\n\t\t<\/button><\/figure>\n\n\n\n<h2 class=\"wp-block-heading\">SUR-TOITURE<\/h2>\n\n\n\n<p>Nous avons mis au point une sur-toiture qui peut \u00eatre 100% \u00e9tanche. Sa fonction premi\u00e8re \u00e9tant d&rsquo;apporter un confort thermique suppl\u00e9mentaire, en coupant le rayonnement solaire, un confort acoustique, ainsi qu&rsquo;une prolongation de la dur\u00e9e de vie des b\u00e2ches d&rsquo;\u00e9tanch\u00e9it\u00e9. Nous avons fait \u00e9volu\u00e9 cette sur-toiture, initialement en bois, en une v\u00e9ritable toiture, qui peut \u00eatre construite en zinc (diff\u00e9rente couleur) ou t\u00f4les laqu\u00e9es (diff\u00e9rente formes et couleurs). <\/p>\n\n\n\n<figure class=\"wp-block-video\"><video height=\"1080\" style=\"aspect-ratio: 1920 \/ 1080;\" width=\"1920\" controls src=\"https:\/\/etre-et-habiter.com\/wp-content\/uploads\/2025\/11\/01.mp4\"><\/video><\/figure>\n\n\n\n<figure data-wp-context=\"{&quot;imageId&quot;:&quot;69d977ef776a4&quot;}\" data-wp-interactive=\"core\/image\" data-wp-key=\"69d977ef776a4\" class=\"wp-block-image size-large wp-lightbox-container\"><img loading=\"lazy\" decoding=\"async\" width=\"2560\" height=\"2560\" data-wp-class--hide=\"state.isContentHidden\" data-wp-class--show=\"state.isContentVisible\" data-wp-init=\"callbacks.setButtonStyles\" data-wp-on--click=\"actions.showLightbox\" data-wp-on--load=\"callbacks.setButtonStyles\" data-wp-on-window--resize=\"callbacks.setButtonStyles\" src=\"https:\/\/etre-et-habiter.com\/wp-content\/uploads\/2025\/09\/IMG_20240131_173636-edited-scaled.jpg\" alt=\"\" class=\"wp-image-176\" srcset=\"https:\/\/etre-et-habiter.com\/wp-content\/uploads\/2025\/09\/IMG_20240131_173636-edited-scaled.jpg 2560w, https:\/\/etre-et-habiter.com\/wp-content\/uploads\/2025\/09\/IMG_20240131_173636-edited-300x300.jpg 300w, https:\/\/etre-et-habiter.com\/wp-content\/uploads\/2025\/09\/IMG_20240131_173636-edited-1024x1024.jpg 1024w, https:\/\/etre-et-habiter.com\/wp-content\/uploads\/2025\/09\/IMG_20240131_173636-edited-150x150.jpg 150w, https:\/\/etre-et-habiter.com\/wp-content\/uploads\/2025\/09\/IMG_20240131_173636-edited-768x768.jpg 768w, https:\/\/etre-et-habiter.com\/wp-content\/uploads\/2025\/09\/IMG_20240131_173636-edited-1536x1536.jpg 1536w, https:\/\/etre-et-habiter.com\/wp-content\/uploads\/2025\/09\/IMG_20240131_173636-edited-2048x2048.jpg 2048w, https:\/\/etre-et-habiter.com\/wp-content\/uploads\/2025\/09\/IMG_20240131_173636-edited-100x100.jpg 100w\" sizes=\"auto, (max-width: 767px) 89vw, (max-width: 1000px) 54vw, (max-width: 1071px) 543px, 580px\" \/><button\n\t\t\tclass=\"lightbox-trigger\"\n\t\t\ttype=\"button\"\n\t\t\taria-haspopup=\"dialog\"\n\t\t\taria-label=\"Agrandir\"\n\t\t\tdata-wp-init=\"callbacks.initTriggerButton\"\n\t\t\tdata-wp-on--click=\"actions.showLightbox\"\n\t\t\tdata-wp-style--right=\"state.imageButtonRight\"\n\t\t\tdata-wp-style--top=\"state.imageButtonTop\"\n\t\t>\n\t\t\t<svg xmlns=\"http:\/\/www.w3.org\/2000\/svg\" width=\"12\" height=\"12\" fill=\"none\" viewBox=\"0 0 12 12\">\n\t\t\t\t<path fill=\"#fff\" d=\"M2 0a2 2 0 0 0-2 2v2h1.5V2a.5.5 0 0 1 .5-.5h2V0H2Zm2 10.5H2a.5.5 0 0 1-.5-.5V8H0v2a2 2 0 0 0 2 2h2v-1.5ZM8 12v-1.5h2a.5.5 0 0 0 .5-.5V8H12v2a2 2 0 0 1-2 2H8Zm2-12a2 2 0 0 1 2 2v2h-1.5V2a.5.5 0 0 0-.5-.5H8V0h2Z\" \/>\n\t\t\t<\/svg>\n\t\t<\/button><\/figure>\n","protected":false},"excerpt":{"rendered":"<p>CONCEPT Empruntant sa forme ronde \u00e0 la yourte, sa robustesse \u00e0 la construction ossature bois, et les performances thermiques aux maisons contemporaines, Les Perles de bois vont plus loin, dans un concept novateur alliant le bois et le m\u00e9tal pour permettre de vitrer jusqu&rsquo;\u00e0 360\u00b0.<\/p>\n","protected":false},"author":1,"featured_media":280,"parent":0,"menu_order":0,"comment_status":"closed","ping_status":"closed","template":"","meta":{"footnotes":""},"class_list":["post-7","page","type-page","status-publish","has-post-thumbnail","hentry"],"_links":{"self":[{"href":"https:\/\/etre-et-habiter.com\/index.php?rest_route=\/wp\/v2\/pages\/7","targetHints":{"allow":["GET"]}}],"collection":[{"href":"https:\/\/etre-et-habiter.com\/index.php?rest_route=\/wp\/v2\/pages"}],"about":[{"href":"https:\/\/etre-et-habiter.com\/index.php?rest_route=\/wp\/v2\/types\/page"}],"author":[{"embeddable":true,"href":"https:\/\/etre-et-habiter.com\/index.php?rest_route=\/wp\/v2\/users\/1"}],"replies":[{"embeddable":true,"href":"https:\/\/etre-et-habiter.com\/index.php?rest_route=%2Fwp%2Fv2%2Fcomments&post=7"}],"version-history":[{"count":43,"href":"https:\/\/etre-et-habiter.com\/index.php?rest_route=\/wp\/v2\/pages\/7\/revisions"}],"predecessor-version":[{"id":313,"href":"https:\/\/etre-et-habiter.com\/index.php?rest_route=\/wp\/v2\/pages\/7\/revisions\/313"}],"wp:featuredmedia":[{"embeddable":true,"href":"https:\/\/etre-et-habiter.com\/index.php?rest_route=\/wp\/v2\/media\/280"}],"wp:attachment":[{"href":"https:\/\/etre-et-habiter.com\/index.php?rest_route=%2Fwp%2Fv2%2Fmedia&parent=7"}],"curies":[{"name":"wp","href":"https:\/\/api.w.org\/{rel}","templated":true}]}}