{"id":73,"date":"2025-09-29T14:21:18","date_gmt":"2025-09-29T14:21:18","guid":{"rendered":"https:\/\/etre-et-habiter.com\/?page_id=73"},"modified":"2025-09-30T06:57:23","modified_gmt":"2025-09-30T06:57:23","slug":"le-confort-dune-maison-la-simplicite-dune-tente","status":"publish","type":"page","link":"https:\/\/etre-et-habiter.com\/","title":{"rendered":"Le confort d&rsquo;une maison, la simplicit\u00e9 d&rsquo;une tente"},"content":{"rendered":"\n<p>Habiter n&rsquo;est pas toujours une \u00e9vidence, ni une simplicit\u00e9. Il nous est apparu plus qu&rsquo;urgent de repenser l&rsquo;acc\u00e8s au droit d&rsquo;habiter.<\/p>\n\n\n\n<!--more-->\n\n\n\n<p>De cette id\u00e9e sont n\u00e9es plusieurs Concept, qui prennent comme axes de r\u00e9flexion, le co\u00fbt de la construction (directement li\u00e9 au \u00a0\u00bb syst\u00e8me constructif\u00a0\u00bb), et la qualit\u00e9 d&rsquo;habiter, qui ne peut \u00eatre \u00e0 notre sens, mise au second plan.<\/p>\n\n\n\n<p>La \u00ab\u00a0tente habitable\u00a0\u00bb, offrant un cadre juridique plus simple, tr\u00e8s ouverte sur l&rsquo;ext\u00e9rieur, c&rsquo;est impos\u00e9e comme une r\u00e9f\u00e9rence. Bien plus simple \u00e0 construire et facilement transportable, elle est ensuite combinable \u00e0 l&rsquo;infini&#8230;<\/p>\n\n\n\n<p>A travers diff\u00e9rents \u00ab\u00a0models\u00a0\u00bb, nous vous proposons&nbsp;l\u2019aventure d\u2019un habitat insolite sans transiger sur le confort ni les performances \u00e9nerg\u00e9tiques.<\/p>\n\n\n\n<p><\/p>\n","protected":false},"excerpt":{"rendered":"<p>Habiter n&rsquo;est pas toujours une \u00e9vidence, ni une simplicit\u00e9. Il nous est apparu plus qu&rsquo;urgent de repenser l&rsquo;acc\u00e8s au droit d&rsquo;habiter.<\/p>\n","protected":false},"author":1,"featured_media":0,"parent":0,"menu_order":0,"comment_status":"closed","ping_status":"closed","template":"","meta":{"footnotes":""},"class_list":["post-73","page","type-page","status-publish","hentry"],"_links":{"self":[{"href":"https:\/\/etre-et-habiter.com\/index.php?rest_route=\/wp\/v2\/pages\/73","targetHints":{"allow":["GET"]}}],"collection":[{"href":"https:\/\/etre-et-habiter.com\/index.php?rest_route=\/wp\/v2\/pages"}],"about":[{"href":"https:\/\/etre-et-habiter.com\/index.php?rest_route=\/wp\/v2\/types\/page"}],"author":[{"embeddable":true,"href":"https:\/\/etre-et-habiter.com\/index.php?rest_route=\/wp\/v2\/users\/1"}],"replies":[{"embeddable":true,"href":"https:\/\/etre-et-habiter.com\/index.php?rest_route=%2Fwp%2Fv2%2Fcomments&post=73"}],"version-history":[{"count":21,"href":"https:\/\/etre-et-habiter.com\/index.php?rest_route=\/wp\/v2\/pages\/73\/revisions"}],"predecessor-version":[{"id":215,"href":"https:\/\/etre-et-habiter.com\/index.php?rest_route=\/wp\/v2\/pages\/73\/revisions\/215"}],"wp:attachment":[{"href":"https:\/\/etre-et-habiter.com\/index.php?rest_route=%2Fwp%2Fv2%2Fmedia&parent=73"}],"curies":[{"name":"wp","href":"https:\/\/api.w.org\/{rel}","templated":true}]}}